{"id":11835,"date":"2026-04-16T09:42:48","date_gmt":"2026-04-16T12:42:48","guid":{"rendered":"https:\/\/universo.lauragutman.com.ar\/?page_id=11835"},"modified":"2026-04-16T16:40:10","modified_gmt":"2026-04-16T19:40:10","slug":"guia-para-cursar-la-escuela-de-biografia-humana","status":"publish","type":"page","link":"https:\/\/universo.lauragutman.com.ar\/pt\/guia-para-cursar-la-escuela-de-biografia-humana\/","title":{"rendered":"Gu\u00eda para cursar la escuela de biografia humana"},"content":{"rendered":"\t\t<div data-elementor-type=\"wp-page\" data-elementor-id=\"11835\" class=\"elementor elementor-11835\" data-elementor-post-type=\"page\">\n\t\t\t\t<div class=\"elementor-element elementor-element-84e8694 e-flex e-con-boxed e-con e-parent\" data-id=\"84e8694\" data-element_type=\"container\" data-e-type=\"container\">\n\t\t\t\t\t<div class=\"e-con-inner\">\n\t\t\t\t<div class=\"elementor-element elementor-element-b29c6d8 elementor-widget elementor-widget-heading\" data-id=\"b29c6d8\" data-element_type=\"widget\" data-e-type=\"widget\" data-settings=\"{&quot;_animation&quot;:&quot;none&quot;,&quot;_animation_delay&quot;:200}\" data-widget_type=\"heading.default\">\n\t\t\t\t<div class=\"elementor-widget-container\">\n\t\t\t\t\t<h2 class=\"elementor-heading-title elementor-size-default\">Guia para cursar la escuela de Biograf\u00eda Humana\u00ae<\/h2>\t\t\t\t<\/div>\n\t\t\t\t<\/div>\n\t\t\t\t<div class=\"elementor-element-custom_font_size elementor-element elementor-element-d6674ee elementor-widget elementor-widget-text-editor\" data-id=\"d6674ee\" data-element_type=\"widget\" data-e-type=\"widget\" data-widget_type=\"text-editor.default\">\n\t\t\t\t<div class=\"elementor-widget-container\">\n\t\t\t\t\t\t\t\t\t<h2><strong><span style=\"text-decoration: underline;\">M\u00f3dulo CERO<\/span><\/strong><\/h2><p>Lo ideal es comenzar haciendo el <strong>proceso personal de tu propia <span style=\"color: #2487a0;\">Biograf\u00eda Humana\u00ae<\/span><\/strong><\/p><h3><span style=\"color: #c7149a;\">\u00bfC\u00f3mo?<\/span><\/h3><p>Pidiendo un turno aqu\u00ed:\u00a0<strong><a href=\"https:\/\/lauragutman.com.ar\/consultas-biografia-humana\/\" target=\"_blank\" rel=\"noopener\">Biograf\u00eda Humana\u00ae<\/a><\/strong><\/p><h3><span style=\"color: #c7149a;\">\u00bfPor qu\u00e9?<\/span><\/h3><p>Porque vas a incorporar de un modo m\u00e1s org\u00e1nico, los conceptos que van a abordar con Laura Gutman. No es obligatorio, es nuestra sugerencia. Puedes probar y constatar si lo que est\u00e1s buscando, coincide con lo que nosotros ofrecemos.<\/p><h3><span style=\"color: #c7149a;\">\u00bfQu\u00e9 pasa si quiero empezar la Escuela directamente?<\/span><\/h3><p>Vas directo al siguiente m\u00f3dulo.<\/p><h2><b><span style=\"text-decoration: underline;\">M\u00f3dulo UNO<\/span><\/b><\/h2><p>Aqu\u00ed comienza tu formaci\u00f3n. Es la <strong>INTRODUCCI\u00d3N<\/strong> a la Escuela de <span style=\"color: #2487a0;\">Biograf\u00eda Humana\u00ae<\/span>. Lo cursas en 90 d\u00edas.<\/p><h3><span style=\"color: #c7149a;\">\u00bfC\u00f3mo?<\/span><\/h3><p>Clickeando aqu\u00ed:\u00a0<b><a href=\"https:\/\/universo.lauragutman.com.ar\/producto\/ebh2026intro\/\" target=\"_blank\" rel=\"noopener\">INTRODUCCI\u00d3N<\/a>\u00a0<\/b><\/p><h3><span style=\"color: #c7149a;\">\u00bfQu\u00e9 pasa cuando termino esta Introducci\u00f3n?<\/span><\/h3><p>Vas al siguiente m\u00f3dulo.<\/p><h2><span style=\"text-decoration: underline;\"><strong>M\u00f3dulo DOS<\/strong><\/span><\/h2><p>Llegaste al <strong>ENTRENAMIENTO EN BH<\/strong>, que lo transitas a tu ritmo. Una buena experiencia, dura entre dos y tres a\u00f1os, depende de cada individuo.<br \/><span style=\"color: #c7149a;\"><\/span><\/p><h3><span style=\"color: #c7149a;\">\u00bfC\u00f3mo?<\/span><\/h3><p>Clickeando aqu\u00ed: <a href=\"https:\/\/universo.lauragutman.com.ar\/producto\/escuela-de-biografia-humana-entrenamiento-en-bh-2026\/\"><b>ENTRENAMIENTO<\/b><\/a><\/p><h2><span style=\"color: #c7149a;\">\u00bfQu\u00e9 pasa cuando termino el Entrenamiento en Biograf\u00eda Humana?<\/span><\/h2><p>Si quieres trabajar como <span style=\"color: #2487a0;\">Behacheador\/a\u00ae<\/span>, vas al siguiente m\u00f3dulo<\/p><h2><span style=\"text-decoration: underline;\"><strong>M\u00f3dulo TRES<br \/><\/strong><\/span><\/h2><p>Llegaste al <strong>Laboratorio de pensamiento<\/strong>. \u00a1Est\u00e1s en un nivel profesional!<br \/>Puedes informarte clickeando aqu\u00ed: <strong><a href=\"https:\/\/universo.lauragutman.com.ar\/producto\/laboratorio-de-pensamiento-abril-2026\/\">LABORATORIO<\/a><\/strong><\/p><h2><span style=\"color: #c7149a;\">\u00bfNecesitas m\u00e1s explicaciones?<\/span><\/h2><p>Por favor contactanos por <strong>mail<\/strong> a\u00a0<a href=\"mailto:escuela@lauragutman.com.ar\">escuela@lauragutman.com.ar<\/a> o <strong>WhatsApp<\/strong>\u00a0<a href=\"https:\/\/\/wa.me\/5491159584348\" target=\"_blank\" rel=\"noopener\">+54911 59584348<\/a><\/p>\t\t\t\t\t\t\t\t<\/div>\n\t\t\t\t<\/div>\n\t\t\t\t\t<\/div>\n\t\t\t\t<\/div>\n\t\t<div class=\"elementor-element elementor-element-1c103f1 e-flex e-con-boxed e-con e-parent\" data-id=\"1c103f1\" data-element_type=\"container\" data-e-type=\"container\">\n\t\t\t\t\t<div class=\"e-con-inner\">\n\t\t\t\t<div class=\"woocommerce elementor-element elementor-element-1efdedb elementor-widget__width-inherit elementor-grid-3 elementor-grid-tablet-2 elementor-grid-mobile-1 elementor-widget elementor-widget-loop-grid\" data-id=\"1efdedb\" data-element_type=\"widget\" data-e-type=\"widget\" data-settings=\"{&quot;_skin&quot;:&quot;product&quot;,&quot;template_id&quot;:&quot;92&quot;,&quot;columns&quot;:&quot;3&quot;,&quot;columns_tablet&quot;:&quot;2&quot;,&quot;columns_mobile&quot;:&quot;1&quot;,&quot;edit_handle_selector&quot;:&quot;[data-elementor-type=\\&quot;loop-item\\&quot;]&quot;,&quot;row_gap&quot;:{&quot;unit&quot;:&quot;px&quot;,&quot;size&quot;:&quot;&quot;,&quot;sizes&quot;:[]},&quot;row_gap_tablet&quot;:{&quot;unit&quot;:&quot;px&quot;,&quot;size&quot;:&quot;&quot;,&quot;sizes&quot;:[]},&quot;row_gap_mobile&quot;:{&quot;unit&quot;:&quot;px&quot;,&quot;size&quot;:&quot;&quot;,&quot;sizes&quot;:[]}}\" data-widget_type=\"loop-grid.product\">\n\t\t\t\t<div class=\"elementor-widget-container\">\n\t\t\t\t\t\t\t<div class=\"elementor-loop-container elementor-grid\" role=\"list\">\n\t\t<style id=\"loop-92\">.elementor-92 .elementor-element.elementor-element-117357cf{--display:flex;--flex-direction:column;--container-widget-width:100%;--container-widget-height:initial;--container-widget-flex-grow:0;--container-widget-align-self:initial;--flex-wrap-mobile:wrap;--overflow:hidden;border-style:solid;--border-style:solid;border-width:1px 1px 1px 1px;--border-top-width:1px;--border-right-width:1px;--border-bottom-width:1px;--border-left-width:1px;border-color:#CDCFD5;--border-color:#CDCFD5;--border-radius:8px 8px 8px 8px;--padding-top:0px;--padding-bottom:0px;--padding-left:0px;--padding-right:0px;}.elementor-92 .elementor-element.elementor-element-117357cf:hover{border-style:solid;border-width:1px 1px 1px 1px;--border-top-width:1px;--border-right-width:1px;--border-bottom-width:1px;--border-left-width:1px;border-color:#CDCFD5;--border-color:#CDCFD5;--border-radius:8px 8px 8px 8px;--border-top-left-radius:8px;--border-top-right-radius:8px;--border-bottom-right-radius:8px;--border-bottom-left-radius:8px;box-shadow:0px 0px 16px 0px rgba(0, 0, 0, 0.08);}.elementor-92 .elementor-element.elementor-element-117357cf, .elementor-92 .elementor-element.elementor-element-117357cf::before{--border-transition:0.3s;}.elementor-92 .elementor-element.elementor-element-5c81a05a img{width:100%;height:300px;object-fit:cover;object-position:center center;}.elementor-92 .elementor-element.elementor-element-7c1764b9 .elementor-heading-title{font-size:20px;font-weight:600;line-height:1.2em;}.elementor-92 .elementor-element.elementor-element-7c1764b9 > .elementor-widget-container{padding:0px 20px 0px 20px;}.elementor-92 .elementor-element.elementor-element-482bb351{--display:flex;--flex-direction:row;--container-widget-width:calc( ( 1 - var( --container-widget-flex-grow ) ) * 100% );--container-widget-height:100%;--container-widget-flex-grow:1;--container-widget-align-self:stretch;--flex-wrap-mobile:wrap;--align-items:center;--gap:0px 0px;--row-gap:0px;--column-gap:0px;--padding-top:0px;--padding-bottom:20px;--padding-left:20px;--padding-right:20px;}.elementor-92 .elementor-element.elementor-element-6ef3566c img{width:32px;height:32px;object-fit:cover;object-position:center center;border-radius:50px 50px 50px 50px;}.elementor-92 .elementor-element.elementor-element-6ef3566c > .elementor-widget-container{margin:0px 15px 0px 0px;}.elementor-92 .elementor-element.elementor-element-010a515 .elementor-heading-title{font-size:12px;font-weight:400;}.elementor-92 .elementor-element.elementor-element-010a515 > .elementor-widget-container{margin:0px 5px -3px 0px;padding:0px 0px 0px 0px;}.elementor-92 .elementor-element.elementor-element-010a515{width:auto;max-width:auto;}.elementor-92 .elementor-element.elementor-element-1abaa415 .elementor-heading-title{font-size:14px;font-weight:400;}\/* Start custom CSS for container, class: .elementor-element-482bb351 *\/.elementor-92 .elementor-element.elementor-element-482bb351{\n    margin-top: auto;\n}\/* End custom CSS *\/<\/style>\t\t<div data-elementor-type=\"loop-item\" data-elementor-id=\"92\" class=\"elementor elementor-92 e-loop-item e-loop-item-4081 post-4081 product type-product status-publish has-post-thumbnail product_cat-guia-bh product_cat-home product_cat-universo first instock virtual product-type-simple\" data-elementor-post-type=\"elementor_library\" data-custom-edit-handle=\"1\">\n\t\t\t<div class=\"elementor-element elementor-element-117357cf e-flex e-con-boxed elementor-invisible e-con e-parent\" data-id=\"117357cf\" data-element_type=\"container\" data-e-type=\"container\" data-settings=\"{&quot;animation&quot;:&quot;fadeIn&quot;}\">\n\t\t\t\t\t<div class=\"e-con-inner\">\n\t\t\t\t<div class=\"elementor-element elementor-element-5c81a05a elementor-widget elementor-widget-image\" data-id=\"5c81a05a\" data-element_type=\"widget\" data-e-type=\"widget\" data-widget_type=\"image.default\">\n\t\t\t\t<div class=\"elementor-widget-container\">\n\t\t\t\t\t\t\t\t\t\t\t\t\t\t\t\t<a href=\"https:\/\/universo.lauragutman.com.ar\/pt\/produto\/consultas-de-biografia-humana\/\">\n\t\t\t\t\t\t\t<img fetchpriority=\"high\" decoding=\"async\" width=\"786\" height=\"800\" src=\"https:\/\/universo.lauragutman.com.ar\/wp-content\/uploads\/2024\/10\/ConsultasBH-e1730150865971-786x800.jpg\" class=\"attachment-woocommerce_thumbnail size-woocommerce_thumbnail wp-image-4108\" alt=\"\" title=\"Consultas BH\" \/>\t\t\t\t\t\t\t\t<\/a>\n\t\t\t\t\t\t\t\t\t\t\t\t\t\t\t<\/div>\n\t\t\t\t<\/div>\n\t\t\t\t<div class=\"elementor-element elementor-element-7c1764b9 elementor-widget elementor-widget-woocommerce-product-title elementor-page-title elementor-widget-heading\" data-id=\"7c1764b9\" data-element_type=\"widget\" data-e-type=\"widget\" data-widget_type=\"woocommerce-product-title.default\">\n\t\t\t\t<div class=\"elementor-widget-container\">\n\t\t\t\t\t<h2 class=\"product_title entry-title elementor-heading-title elementor-size-default\"><a href=\"https:\/\/universo.lauragutman.com.ar\/pt\/produto\/consultas-de-biografia-humana\/\">Consultas de Biograf\u00eda Humana \/ Astrologia<\/a><\/h2>\t\t\t\t<\/div>\n\t\t\t\t<\/div>\n\t\t<div class=\"elementor-element elementor-element-482bb351 e-con-full e-flex e-con e-child\" data-id=\"482bb351\" data-element_type=\"container\" data-e-type=\"container\">\n\t\t\t\t<div class=\"elementor-element elementor-element-6ef3566c elementor-widget elementor-widget-image\" data-id=\"6ef3566c\" data-element_type=\"widget\" data-e-type=\"widget\" data-widget_type=\"image.default\">\n\t\t\t\t<div class=\"elementor-widget-container\">\n\t\t\t\t\t\t\t\t\t\t\t\t\t\t\t<img decoding=\"async\" src=\"https:\/\/universo.lauragutman.com.ar\/wp-content\/uploads\/2024\/10\/sobre-laura-gutman.jpg\" title=\"\" alt=\"\" loading=\"lazy\" \/>\t\t\t\t\t\t\t\t\t\t\t\t\t\t\t<\/div>\n\t\t\t\t<\/div>\n\t\t\t\t<div class=\"elementor-element elementor-element-010a515 elementor-widget__width-auto elementor-widget elementor-widget-heading\" data-id=\"010a515\" data-element_type=\"widget\" data-e-type=\"widget\" data-widget_type=\"heading.default\">\n\t\t\t\t<div class=\"elementor-widget-container\">\n\t\t\t\t\t<h2 class=\"elementor-heading-title elementor-size-default\">Por:<\/h2>\t\t\t\t<\/div>\n\t\t\t\t<\/div>\n\t\t\t\t<div class=\"elementor-element elementor-element-1abaa415 elementor-widget elementor-widget-heading\" data-id=\"1abaa415\" data-element_type=\"widget\" data-e-type=\"widget\" data-widget_type=\"heading.default\">\n\t\t\t\t<div class=\"elementor-widget-container\">\n\t\t\t\t\t<span class=\"elementor-heading-title elementor-size-default\">Equipo de Beacheadoras de Laura Gutman<\/span>\t\t\t\t<\/div>\n\t\t\t\t<\/div>\n\t\t\t\t<\/div>\n\t\t\t\t\t<\/div>\n\t\t\t\t<\/div>\n\t\t\t\t<\/div>\n\t\t\t\t<div data-elementor-type=\"loop-item\" data-elementor-id=\"92\" class=\"elementor elementor-92 e-loop-item e-loop-item-11743 post-11743 product type-product status-publish has-post-thumbnail product_cat-guia-bh product_cat-home product_cat-universo  instock sale sold-individually shipping-taxable purchasable product-type-variable\" data-elementor-post-type=\"elementor_library\" data-custom-edit-handle=\"1\">\n\t\t\t<div class=\"elementor-element elementor-element-117357cf e-flex e-con-boxed elementor-invisible e-con e-parent\" data-id=\"117357cf\" data-element_type=\"container\" data-e-type=\"container\" data-settings=\"{&quot;animation&quot;:&quot;fadeIn&quot;}\">\n\t\t\t\t\t<div class=\"e-con-inner\">\n\t\t\t\t<div class=\"elementor-element elementor-element-5c81a05a elementor-widget elementor-widget-image\" data-id=\"5c81a05a\" data-element_type=\"widget\" data-e-type=\"widget\" data-widget_type=\"image.default\">\n\t\t\t\t<div class=\"elementor-widget-container\">\n\t\t\t\t\t\t\t\t\t\t\t\t\t\t\t\t<a href=\"https:\/\/universo.lauragutman.com.ar\/pt\/produto\/ebh2026intro\/\">\n\t\t\t\t\t\t\t<img decoding=\"async\" width=\"800\" height=\"630\" src=\"https:\/\/universo.lauragutman.com.ar\/wp-content\/uploads\/2024\/10\/ilustraciones_para_web_maternidad-e1730150779950-800x630.jpg\" class=\"attachment-woocommerce_thumbnail size-woocommerce_thumbnail wp-image-4110\" alt=\"\" title=\"Escuela Laura Gutman\" \/>\t\t\t\t\t\t\t\t<\/a>\n\t\t\t\t\t\t\t\t\t\t\t\t\t\t\t<\/div>\n\t\t\t\t<\/div>\n\t\t\t\t<div class=\"elementor-element elementor-element-7c1764b9 elementor-widget elementor-widget-woocommerce-product-title elementor-page-title elementor-widget-heading\" data-id=\"7c1764b9\" data-element_type=\"widget\" data-e-type=\"widget\" data-widget_type=\"woocommerce-product-title.default\">\n\t\t\t\t<div class=\"elementor-widget-container\">\n\t\t\t\t\t<h2 class=\"product_title entry-title elementor-heading-title elementor-size-default\"><a href=\"https:\/\/universo.lauragutman.com.ar\/pt\/produto\/ebh2026intro\/\">Escuela de Biograf\u00eda Humana &#8211; Introducci\u00f3n &#8211; 2026<\/a><\/h2>\t\t\t\t<\/div>\n\t\t\t\t<\/div>\n\t\t<div class=\"elementor-element elementor-element-482bb351 e-con-full e-flex e-con e-child\" data-id=\"482bb351\" data-element_type=\"container\" data-e-type=\"container\">\n\t\t\t\t<div class=\"elementor-element elementor-element-6ef3566c elementor-widget elementor-widget-image\" data-id=\"6ef3566c\" data-element_type=\"widget\" data-e-type=\"widget\" data-widget_type=\"image.default\">\n\t\t\t\t<div class=\"elementor-widget-container\">\n\t\t\t\t\t\t\t\t\t\t\t\t\t\t\t<img decoding=\"async\" src=\"https:\/\/universo.lauragutman.com.ar\/wp-content\/uploads\/2024\/10\/sobre-laura-gutman.jpg\" title=\"\" alt=\"\" loading=\"lazy\" \/>\t\t\t\t\t\t\t\t\t\t\t\t\t\t\t<\/div>\n\t\t\t\t<\/div>\n\t\t\t\t<div class=\"elementor-element elementor-element-010a515 elementor-widget__width-auto elementor-widget elementor-widget-heading\" data-id=\"010a515\" data-element_type=\"widget\" data-e-type=\"widget\" data-widget_type=\"heading.default\">\n\t\t\t\t<div class=\"elementor-widget-container\">\n\t\t\t\t\t<h2 class=\"elementor-heading-title elementor-size-default\">Por:<\/h2>\t\t\t\t<\/div>\n\t\t\t\t<\/div>\n\t\t\t\t<div class=\"elementor-element elementor-element-1abaa415 elementor-widget elementor-widget-heading\" data-id=\"1abaa415\" data-element_type=\"widget\" data-e-type=\"widget\" data-widget_type=\"heading.default\">\n\t\t\t\t<div class=\"elementor-widget-container\">\n\t\t\t\t\t<span class=\"elementor-heading-title elementor-size-default\">Laura Gutman<\/span>\t\t\t\t<\/div>\n\t\t\t\t<\/div>\n\t\t\t\t<\/div>\n\t\t\t\t\t<\/div>\n\t\t\t\t<\/div>\n\t\t\t\t<\/div>\n\t\t\t\t<div data-elementor-type=\"loop-item\" data-elementor-id=\"92\" class=\"elementor elementor-92 e-loop-item e-loop-item-10363 post-10363 product type-product status-publish has-post-thumbnail product_cat-guia-bh product_cat-home product_cat-universo last instock sold-individually shipping-taxable purchasable product-type-variable\" data-elementor-post-type=\"elementor_library\" data-custom-edit-handle=\"1\">\n\t\t\t<div class=\"elementor-element elementor-element-117357cf e-flex e-con-boxed elementor-invisible e-con e-parent\" data-id=\"117357cf\" data-element_type=\"container\" data-e-type=\"container\" data-settings=\"{&quot;animation&quot;:&quot;fadeIn&quot;}\">\n\t\t\t\t\t<div class=\"e-con-inner\">\n\t\t\t\t<div class=\"elementor-element elementor-element-5c81a05a elementor-widget elementor-widget-image\" data-id=\"5c81a05a\" data-element_type=\"widget\" data-e-type=\"widget\" data-widget_type=\"image.default\">\n\t\t\t\t<div class=\"elementor-widget-container\">\n\t\t\t\t\t\t\t\t\t\t\t\t\t\t\t\t<a href=\"https:\/\/universo.lauragutman.com.ar\/pt\/produto\/escuela-de-biografia-humana-entrenamiento-en-bh-2026\/\">\n\t\t\t\t\t\t\t<img decoding=\"async\" width=\"714\" height=\"596\" src=\"https:\/\/universo.lauragutman.com.ar\/wp-content\/uploads\/2024\/10\/ilustraciones_para_web_entrenamiento-e1730145586929.jpg\" class=\"attachment-woocommerce_thumbnail size-woocommerce_thumbnail wp-image-3969\" alt=\"\" srcset=\"https:\/\/universo.lauragutman.com.ar\/wp-content\/uploads\/2024\/10\/ilustraciones_para_web_entrenamiento-e1730145586929.jpg 714w, https:\/\/universo.lauragutman.com.ar\/wp-content\/uploads\/2024\/10\/ilustraciones_para_web_entrenamiento-e1730145586929-300x250.jpg 300w, https:\/\/universo.lauragutman.com.ar\/wp-content\/uploads\/2024\/10\/ilustraciones_para_web_entrenamiento-e1730145586929-480x401.jpg 480w\" sizes=\"(max-width: 714px) 100vw, 714px\" title=\"ilustraciones_para_web_entrenamiento\" \/>\t\t\t\t\t\t\t\t<\/a>\n\t\t\t\t\t\t\t\t\t\t\t\t\t\t\t<\/div>\n\t\t\t\t<\/div>\n\t\t\t\t<div class=\"elementor-element elementor-element-7c1764b9 elementor-widget elementor-widget-woocommerce-product-title elementor-page-title elementor-widget-heading\" data-id=\"7c1764b9\" data-element_type=\"widget\" data-e-type=\"widget\" data-widget_type=\"woocommerce-product-title.default\">\n\t\t\t\t<div class=\"elementor-widget-container\">\n\t\t\t\t\t<h2 class=\"product_title entry-title elementor-heading-title elementor-size-default\"><a href=\"https:\/\/universo.lauragutman.com.ar\/pt\/produto\/escuela-de-biografia-humana-entrenamiento-en-bh-2026\/\">Escuela de Biograf\u00eca Humana &#8211; Entrenamiento en BH 2026<\/a><\/h2>\t\t\t\t<\/div>\n\t\t\t\t<\/div>\n\t\t<div class=\"elementor-element elementor-element-482bb351 e-con-full e-flex e-con e-child\" data-id=\"482bb351\" data-element_type=\"container\" data-e-type=\"container\">\n\t\t\t\t<div class=\"elementor-element elementor-element-6ef3566c elementor-widget elementor-widget-image\" data-id=\"6ef3566c\" data-element_type=\"widget\" data-e-type=\"widget\" data-widget_type=\"image.default\">\n\t\t\t\t<div class=\"elementor-widget-container\">\n\t\t\t\t\t\t\t\t\t\t\t\t\t\t\t<img decoding=\"async\" src=\"https:\/\/universo.lauragutman.com.ar\/wp-content\/uploads\/2024\/10\/sobre-laura-gutman.jpg\" title=\"\" alt=\"\" loading=\"lazy\" \/>\t\t\t\t\t\t\t\t\t\t\t\t\t\t\t<\/div>\n\t\t\t\t<\/div>\n\t\t\t\t<div class=\"elementor-element elementor-element-010a515 elementor-widget__width-auto elementor-widget elementor-widget-heading\" data-id=\"010a515\" data-element_type=\"widget\" data-e-type=\"widget\" data-widget_type=\"heading.default\">\n\t\t\t\t<div class=\"elementor-widget-container\">\n\t\t\t\t\t<h2 class=\"elementor-heading-title elementor-size-default\">Por:<\/h2>\t\t\t\t<\/div>\n\t\t\t\t<\/div>\n\t\t\t\t<div class=\"elementor-element elementor-element-1abaa415 elementor-widget elementor-widget-heading\" data-id=\"1abaa415\" data-element_type=\"widget\" data-e-type=\"widget\" data-widget_type=\"heading.default\">\n\t\t\t\t<div class=\"elementor-widget-container\">\n\t\t\t\t\t<span class=\"elementor-heading-title elementor-size-default\">Laura Gutman<\/span>\t\t\t\t<\/div>\n\t\t\t\t<\/div>\n\t\t\t\t<\/div>\n\t\t\t\t\t<\/div>\n\t\t\t\t<\/div>\n\t\t\t\t<\/div>\n\t\t\t\t<div data-elementor-type=\"loop-item\" data-elementor-id=\"92\" class=\"elementor elementor-92 e-loop-item e-loop-item-11627 post-11627 product type-product status-publish has-post-thumbnail product_cat-guia-bh product_cat-home product_cat-universo first instock virtual sold-individually purchasable product-type-simple\" data-elementor-post-type=\"elementor_library\" data-custom-edit-handle=\"1\">\n\t\t\t<div class=\"elementor-element elementor-element-117357cf e-flex e-con-boxed elementor-invisible e-con e-parent\" data-id=\"117357cf\" data-element_type=\"container\" data-e-type=\"container\" data-settings=\"{&quot;animation&quot;:&quot;fadeIn&quot;}\">\n\t\t\t\t\t<div class=\"e-con-inner\">\n\t\t\t\t<div class=\"elementor-element elementor-element-5c81a05a elementor-widget elementor-widget-image\" data-id=\"5c81a05a\" data-element_type=\"widget\" data-e-type=\"widget\" data-widget_type=\"image.default\">\n\t\t\t\t<div class=\"elementor-widget-container\">\n\t\t\t\t\t\t\t\t\t\t\t\t\t\t\t\t<a href=\"https:\/\/universo.lauragutman.com.ar\/pt\/produto\/laboratorio-de-pensamiento-abril-2026\/\">\n\t\t\t\t\t\t\t<img loading=\"lazy\" decoding=\"async\" width=\"796\" height=\"800\" src=\"https:\/\/universo.lauragutman.com.ar\/wp-content\/uploads\/2024\/10\/Laboratorio_Color-Nuevo-e1730312186167-796x800.jpg\" class=\"attachment-woocommerce_thumbnail size-woocommerce_thumbnail wp-image-4145\" alt=\"\" srcset=\"https:\/\/universo.lauragutman.com.ar\/wp-content\/uploads\/2024\/10\/Laboratorio_Color-Nuevo-e1730312186167-796x800.jpg 796w, https:\/\/universo.lauragutman.com.ar\/wp-content\/uploads\/2024\/10\/Laboratorio_Color-Nuevo-e1730312186167-150x150.jpg 150w\" sizes=\"(max-width: 796px) 100vw, 796px\" title=\"Laboratorio\" \/>\t\t\t\t\t\t\t\t<\/a>\n\t\t\t\t\t\t\t\t\t\t\t\t\t\t\t<\/div>\n\t\t\t\t<\/div>\n\t\t\t\t<div class=\"elementor-element elementor-element-7c1764b9 elementor-widget elementor-widget-woocommerce-product-title elementor-page-title elementor-widget-heading\" data-id=\"7c1764b9\" data-element_type=\"widget\" data-e-type=\"widget\" data-widget_type=\"woocommerce-product-title.default\">\n\t\t\t\t<div class=\"elementor-widget-container\">\n\t\t\t\t\t<h2 class=\"product_title entry-title elementor-heading-title elementor-size-default\"><a href=\"https:\/\/universo.lauragutman.com.ar\/pt\/produto\/laboratorio-de-pensamiento-abril-2026\/\">Laboratorio de pensamiento &#8211; Abril 2026<\/a><\/h2>\t\t\t\t<\/div>\n\t\t\t\t<\/div>\n\t\t<div class=\"elementor-element elementor-element-482bb351 e-con-full e-flex e-con e-child\" data-id=\"482bb351\" data-element_type=\"container\" data-e-type=\"container\">\n\t\t\t\t<div class=\"elementor-element elementor-element-6ef3566c elementor-widget elementor-widget-image\" data-id=\"6ef3566c\" data-element_type=\"widget\" data-e-type=\"widget\" data-widget_type=\"image.default\">\n\t\t\t\t<div class=\"elementor-widget-container\">\n\t\t\t\t\t\t\t\t\t\t\t\t\t\t\t<img decoding=\"async\" src=\"https:\/\/universo.lauragutman.com.ar\/wp-content\/uploads\/2024\/10\/sobre-laura-gutman.jpg\" title=\"\" alt=\"\" loading=\"lazy\" \/>\t\t\t\t\t\t\t\t\t\t\t\t\t\t\t<\/div>\n\t\t\t\t<\/div>\n\t\t\t\t<div class=\"elementor-element elementor-element-010a515 elementor-widget__width-auto elementor-widget elementor-widget-heading\" data-id=\"010a515\" data-element_type=\"widget\" data-e-type=\"widget\" data-widget_type=\"heading.default\">\n\t\t\t\t<div class=\"elementor-widget-container\">\n\t\t\t\t\t<h2 class=\"elementor-heading-title elementor-size-default\">Por:<\/h2>\t\t\t\t<\/div>\n\t\t\t\t<\/div>\n\t\t\t\t<div class=\"elementor-element elementor-element-1abaa415 elementor-widget elementor-widget-heading\" data-id=\"1abaa415\" data-element_type=\"widget\" data-e-type=\"widget\" data-widget_type=\"heading.default\">\n\t\t\t\t<div class=\"elementor-widget-container\">\n\t\t\t\t\t<span class=\"elementor-heading-title elementor-size-default\">Laura Gutman<\/span>\t\t\t\t<\/div>\n\t\t\t\t<\/div>\n\t\t\t\t<\/div>\n\t\t\t\t\t<\/div>\n\t\t\t\t<\/div>\n\t\t\t\t<\/div>\n\t\t\t\t<\/div>\n\t\t\n\t\t\t\t\t\t<\/div>\n\t\t\t\t<\/div>\n\t\t\t\t\t<\/div>\n\t\t\t\t<\/div>\n\t\t\t\t<\/div>\n\t\t","protected":false},"excerpt":{"rendered":"<p>Guia para cursar la escuela de Biograf\u00eda Humana\u00ae M\u00f3dulo CERO Lo ideal es comenzar haciendo el proceso personal de tu propia Biograf\u00eda Humana\u00ae \u00bfC\u00f3mo? Pidiendo un turno aqu\u00ed:\u00a0Biograf\u00eda Humana\u00ae \u00bfPor qu\u00e9? Porque vas a incorporar de un modo m\u00e1s org\u00e1nico, los conceptos que van a abordar con Laura Gutman. No es obligatorio, es nuestra sugerencia. [&hellip;]<\/p>\n","protected":false},"author":1,"featured_media":0,"parent":0,"menu_order":0,"comment_status":"closed","ping_status":"closed","template":"","meta":{"_acf_changed":false,"footnotes":""},"class_list":["post-11835","page","type-page","status-publish","hentry"],"acf":[],"_links":{"self":[{"href":"https:\/\/universo.lauragutman.com.ar\/pt\/wp-json\/wp\/v2\/pages\/11835","targetHints":{"allow":["GET"]}}],"collection":[{"href":"https:\/\/universo.lauragutman.com.ar\/pt\/wp-json\/wp\/v2\/pages"}],"about":[{"href":"https:\/\/universo.lauragutman.com.ar\/pt\/wp-json\/wp\/v2\/types\/page"}],"author":[{"embeddable":true,"href":"https:\/\/universo.lauragutman.com.ar\/pt\/wp-json\/wp\/v2\/users\/1"}],"replies":[{"embeddable":true,"href":"https:\/\/universo.lauragutman.com.ar\/pt\/wp-json\/wp\/v2\/comments?post=11835"}],"version-history":[{"count":44,"href":"https:\/\/universo.lauragutman.com.ar\/pt\/wp-json\/wp\/v2\/pages\/11835\/revisions"}],"predecessor-version":[{"id":11886,"href":"https:\/\/universo.lauragutman.com.ar\/pt\/wp-json\/wp\/v2\/pages\/11835\/revisions\/11886"}],"wp:attachment":[{"href":"https:\/\/universo.lauragutman.com.ar\/pt\/wp-json\/wp\/v2\/media?parent=11835"}],"curies":[{"name":"wp","href":"https:\/\/api.w.org\/{rel}","templated":true}]}}