{"id":8997,"date":"2025-05-26T17:07:23","date_gmt":"2025-05-26T20:07:23","guid":{"rendered":"https:\/\/universo.lauragutman.com.ar\/?page_id=8997"},"modified":"2025-06-12T12:08:21","modified_gmt":"2025-06-12T15:08:21","slug":"intensivos-con-gutman","status":"publish","type":"page","link":"https:\/\/universo.lauragutman.com.ar\/pt\/intensivos-con-gutman\/","title":{"rendered":"Intensivos"},"content":{"rendered":"\t\t<div data-elementor-type=\"wp-page\" data-elementor-id=\"8997\" class=\"elementor elementor-8997\" data-elementor-post-type=\"page\">\n\t\t\t\t<div class=\"elementor-element elementor-element-e9ce1d4 e-flex e-con-boxed e-con e-parent\" data-id=\"e9ce1d4\" data-element_type=\"container\" data-e-type=\"container\">\n\t\t\t\t\t<div class=\"e-con-inner\">\n\t\t\t\t<div class=\"elementor-element elementor-element-fb1afdb elementor-widget elementor-widget-heading\" data-id=\"fb1afdb\" data-element_type=\"widget\" data-e-type=\"widget\" data-settings=\"{&quot;_animation&quot;:&quot;none&quot;,&quot;_animation_delay&quot;:200}\" data-widget_type=\"heading.default\">\n\t\t\t\t<div class=\"elementor-widget-container\">\n\t\t\t\t\t<h2 class=\"elementor-heading-title elementor-size-default\">INTENSIVOS CON LAURA GUTMAN<\/h2>\t\t\t\t<\/div>\n\t\t\t\t<\/div>\n\t\t\t\t<div class=\"elementor-element elementor-element-df569d9 elementor-widget elementor-widget-text-editor\" data-id=\"df569d9\" data-element_type=\"widget\" data-e-type=\"widget\" data-widget_type=\"text-editor.default\">\n\t\t\t\t<div class=\"elementor-widget-container\">\n\t\t\t\t\t\t\t\t\t<p>Laura Gutman incorpora permanentemente conceptos nuevos y m\u00faltiples recursos para abordar las BHs.\u00a0<\/p><p>Te invitamos a que seas parte y est\u00e9s actualizado, para profundizar en el camino que ya iniciaste.<\/p><p class=\"MsoNormal\" style=\"margin: 0cm; font-size: 12pt; font-family: Calibri, sans-serif; color: #000000; background-image: initial; background-position: initial; background-size: initial; background-repeat: initial; background-attachment: initial; background-origin: initial; background-clip: initial;\"><span style=\"font-size: 13.5pt; font-family: Rubik, serif; color: #000000;\">Recuerda que si has obtenido tu Certificaci\u00f3n en <\/span><span style=\"font-size: 13.5pt; font-family: Rubik, serif; color: #2487a0;\">Biograf\u00eda Humana\u00ae<\/span><span style=\"font-size: 13.5pt; font-family: Rubik, serif; color: #000000;\">, tienes que participar en -al menos- dos intensivos por a\u00f1o.<\/span><\/p>\t\t\t\t\t\t\t\t<\/div>\n\t\t\t\t<\/div>\n\t\t\t\t\t<\/div>\n\t\t\t\t<\/div>\n\t\t<div class=\"elementor-element elementor-element-1c023cb e-flex e-con-boxed e-con e-parent\" data-id=\"1c023cb\" data-element_type=\"container\" data-e-type=\"container\">\n\t\t\t\t\t<div class=\"e-con-inner\">\n\t\t\t\t<div class=\"woocommerce elementor-element elementor-element-b5bdfe6 elementor-widget__width-inherit elementor-grid-3 elementor-grid-tablet-2 elementor-grid-mobile-1 elementor-widget elementor-widget-loop-grid\" data-id=\"b5bdfe6\" data-element_type=\"widget\" data-e-type=\"widget\" data-settings=\"{&quot;_skin&quot;:&quot;product&quot;,&quot;template_id&quot;:&quot;92&quot;,&quot;columns&quot;:&quot;3&quot;,&quot;columns_tablet&quot;:&quot;2&quot;,&quot;columns_mobile&quot;:&quot;1&quot;,&quot;edit_handle_selector&quot;:&quot;[data-elementor-type=\\&quot;loop-item\\&quot;]&quot;,&quot;row_gap&quot;:{&quot;unit&quot;:&quot;px&quot;,&quot;size&quot;:&quot;&quot;,&quot;sizes&quot;:[]},&quot;row_gap_tablet&quot;:{&quot;unit&quot;:&quot;px&quot;,&quot;size&quot;:&quot;&quot;,&quot;sizes&quot;:[]},&quot;row_gap_mobile&quot;:{&quot;unit&quot;:&quot;px&quot;,&quot;size&quot;:&quot;&quot;,&quot;sizes&quot;:[]}}\" data-widget_type=\"loop-grid.product\">\n\t\t\t\t<div class=\"elementor-widget-container\">\n\t\t\t\t\t\t\t<div class=\"elementor-loop-container elementor-grid\" role=\"list\">\n\t\t<style id=\"loop-92\">.elementor-92 .elementor-element.elementor-element-117357cf{--display:flex;--flex-direction:column;--container-widget-width:100%;--container-widget-height:initial;--container-widget-flex-grow:0;--container-widget-align-self:initial;--flex-wrap-mobile:wrap;--overflow:hidden;border-style:solid;--border-style:solid;border-width:1px 1px 1px 1px;--border-top-width:1px;--border-right-width:1px;--border-bottom-width:1px;--border-left-width:1px;border-color:#CDCFD5;--border-color:#CDCFD5;--border-radius:8px 8px 8px 8px;--padding-top:0px;--padding-bottom:0px;--padding-left:0px;--padding-right:0px;}.elementor-92 .elementor-element.elementor-element-117357cf:hover{border-style:solid;border-width:1px 1px 1px 1px;--border-top-width:1px;--border-right-width:1px;--border-bottom-width:1px;--border-left-width:1px;border-color:#CDCFD5;--border-color:#CDCFD5;--border-radius:8px 8px 8px 8px;--border-top-left-radius:8px;--border-top-right-radius:8px;--border-bottom-right-radius:8px;--border-bottom-left-radius:8px;box-shadow:0px 0px 16px 0px rgba(0, 0, 0, 0.08);}.elementor-92 .elementor-element.elementor-element-117357cf, .elementor-92 .elementor-element.elementor-element-117357cf::before{--border-transition:0.3s;}.elementor-92 .elementor-element.elementor-element-5c81a05a img{width:100%;height:300px;object-fit:cover;object-position:center center;}.elementor-92 .elementor-element.elementor-element-7c1764b9 .elementor-heading-title{font-size:20px;font-weight:600;line-height:1.2em;}.elementor-92 .elementor-element.elementor-element-7c1764b9 > .elementor-widget-container{padding:0px 20px 0px 20px;}.elementor-92 .elementor-element.elementor-element-482bb351{--display:flex;--flex-direction:row;--container-widget-width:calc( ( 1 - var( --container-widget-flex-grow ) ) * 100% );--container-widget-height:100%;--container-widget-flex-grow:1;--container-widget-align-self:stretch;--flex-wrap-mobile:wrap;--align-items:center;--gap:0px 0px;--row-gap:0px;--column-gap:0px;--padding-top:0px;--padding-bottom:20px;--padding-left:20px;--padding-right:20px;}.elementor-92 .elementor-element.elementor-element-6ef3566c img{width:32px;height:32px;object-fit:cover;object-position:center center;border-radius:50px 50px 50px 50px;}.elementor-92 .elementor-element.elementor-element-6ef3566c > .elementor-widget-container{margin:0px 15px 0px 0px;}.elementor-92 .elementor-element.elementor-element-010a515 .elementor-heading-title{font-size:12px;font-weight:400;}.elementor-92 .elementor-element.elementor-element-010a515 > .elementor-widget-container{margin:0px 5px -3px 0px;padding:0px 0px 0px 0px;}.elementor-92 .elementor-element.elementor-element-010a515{width:auto;max-width:auto;}.elementor-92 .elementor-element.elementor-element-1abaa415 .elementor-heading-title{font-size:14px;font-weight:400;}\/* Start custom CSS for container, class: .elementor-element-482bb351 *\/.elementor-92 .elementor-element.elementor-element-482bb351{\n    margin-top: auto;\n}\/* End custom CSS *\/<\/style>\t\t<div data-elementor-type=\"loop-item\" data-elementor-id=\"92\" class=\"elementor elementor-92 e-loop-item e-loop-item-9015 post-9015 product type-product status-publish has-post-thumbnail product_cat-intensivos first instock virtual sold-individually purchasable product-type-simple\" data-elementor-post-type=\"elementor_library\" data-custom-edit-handle=\"1\">\n\t\t\t<div class=\"elementor-element elementor-element-117357cf e-flex e-con-boxed elementor-invisible e-con e-parent\" data-id=\"117357cf\" data-element_type=\"container\" data-e-type=\"container\" data-settings=\"{&quot;animation&quot;:&quot;fadeIn&quot;}\">\n\t\t\t\t\t<div class=\"e-con-inner\">\n\t\t\t\t<div class=\"elementor-element elementor-element-5c81a05a elementor-widget elementor-widget-image\" data-id=\"5c81a05a\" data-element_type=\"widget\" data-e-type=\"widget\" data-widget_type=\"image.default\">\n\t\t\t\t<div class=\"elementor-widget-container\">\n\t\t\t\t\t\t\t\t\t\t\t\t\t\t\t\t<a href=\"https:\/\/universo.lauragutman.com.ar\/pt\/produto\/escenarios-personajes-y-metaforas-en-la-bh\/\">\n\t\t\t\t\t\t\t<img fetchpriority=\"high\" decoding=\"async\" width=\"800\" height=\"675\" src=\"https:\/\/universo.lauragutman.com.ar\/wp-content\/uploads\/2025\/05\/Copia-de-Caratula-intensivos-2025-e1748376615571-800x675.jpg\" class=\"attachment-woocommerce_thumbnail size-woocommerce_thumbnail wp-image-9025\" alt=\"\" title=\"Intensivos 2025\" \/>\t\t\t\t\t\t\t\t<\/a>\n\t\t\t\t\t\t\t\t\t\t\t\t\t\t\t<\/div>\n\t\t\t\t<\/div>\n\t\t\t\t<div class=\"elementor-element elementor-element-7c1764b9 elementor-widget elementor-widget-woocommerce-product-title elementor-page-title elementor-widget-heading\" data-id=\"7c1764b9\" data-element_type=\"widget\" data-e-type=\"widget\" data-widget_type=\"woocommerce-product-title.default\">\n\t\t\t\t<div class=\"elementor-widget-container\">\n\t\t\t\t\t<h2 class=\"product_title entry-title elementor-heading-title elementor-size-default\"><a href=\"https:\/\/universo.lauragutman.com.ar\/pt\/produto\/escenarios-personajes-y-metaforas-en-la-bh\/\">Escenarios, personajes y met\u00e1foras en la BH<\/a><\/h2>\t\t\t\t<\/div>\n\t\t\t\t<\/div>\n\t\t<div class=\"elementor-element elementor-element-482bb351 e-con-full e-flex e-con e-child\" data-id=\"482bb351\" data-element_type=\"container\" data-e-type=\"container\">\n\t\t\t\t<div class=\"elementor-element elementor-element-6ef3566c elementor-widget elementor-widget-image\" data-id=\"6ef3566c\" data-element_type=\"widget\" data-e-type=\"widget\" data-widget_type=\"image.default\">\n\t\t\t\t<div class=\"elementor-widget-container\">\n\t\t\t\t\t\t\t\t\t\t\t\t\t\t\t<img decoding=\"async\" src=\"https:\/\/universo.lauragutman.com.ar\/wp-content\/uploads\/2024\/10\/sobre-laura-gutman.jpg\" title=\"\" alt=\"\" loading=\"lazy\" \/>\t\t\t\t\t\t\t\t\t\t\t\t\t\t\t<\/div>\n\t\t\t\t<\/div>\n\t\t\t\t<div class=\"elementor-element elementor-element-010a515 elementor-widget__width-auto elementor-widget elementor-widget-heading\" data-id=\"010a515\" data-element_type=\"widget\" data-e-type=\"widget\" data-widget_type=\"heading.default\">\n\t\t\t\t<div class=\"elementor-widget-container\">\n\t\t\t\t\t<h2 class=\"elementor-heading-title elementor-size-default\">Por:<\/h2>\t\t\t\t<\/div>\n\t\t\t\t<\/div>\n\t\t\t\t<div class=\"elementor-element elementor-element-1abaa415 elementor-widget elementor-widget-heading\" data-id=\"1abaa415\" data-element_type=\"widget\" data-e-type=\"widget\" data-widget_type=\"heading.default\">\n\t\t\t\t<div class=\"elementor-widget-container\">\n\t\t\t\t\t<span class=\"elementor-heading-title elementor-size-default\">Laura Gutman<\/span>\t\t\t\t<\/div>\n\t\t\t\t<\/div>\n\t\t\t\t<\/div>\n\t\t\t\t\t<\/div>\n\t\t\t\t<\/div>\n\t\t\t\t<\/div>\n\t\t\t\t<div data-elementor-type=\"loop-item\" data-elementor-id=\"92\" class=\"elementor elementor-92 e-loop-item e-loop-item-8986 post-8986 product type-product status-publish has-post-thumbnail product_cat-intensivos  instock virtual sold-individually purchasable product-type-simple\" data-elementor-post-type=\"elementor_library\" data-custom-edit-handle=\"1\">\n\t\t\t<div class=\"elementor-element elementor-element-117357cf e-flex e-con-boxed elementor-invisible e-con e-parent\" data-id=\"117357cf\" data-element_type=\"container\" data-e-type=\"container\" data-settings=\"{&quot;animation&quot;:&quot;fadeIn&quot;}\">\n\t\t\t\t\t<div class=\"e-con-inner\">\n\t\t\t\t<div class=\"elementor-element elementor-element-5c81a05a elementor-widget elementor-widget-image\" data-id=\"5c81a05a\" data-element_type=\"widget\" data-e-type=\"widget\" data-widget_type=\"image.default\">\n\t\t\t\t<div class=\"elementor-widget-container\">\n\t\t\t\t\t\t\t\t\t\t\t\t\t\t\t\t<a href=\"https:\/\/universo.lauragutman.com.ar\/pt\/produto\/el-caos\/\">\n\t\t\t\t\t\t\t<img decoding=\"async\" width=\"800\" height=\"800\" src=\"https:\/\/universo.lauragutman.com.ar\/wp-content\/uploads\/2025\/03\/Intensivos-e1743440439801-800x800.jpg\" class=\"attachment-woocommerce_thumbnail size-woocommerce_thumbnail wp-image-8528\" alt=\"\" srcset=\"https:\/\/universo.lauragutman.com.ar\/wp-content\/uploads\/2025\/03\/Intensivos-e1743440439801-800x800.jpg 800w, https:\/\/universo.lauragutman.com.ar\/wp-content\/uploads\/2025\/03\/Intensivos-e1743440439801-150x150.jpg 150w, https:\/\/universo.lauragutman.com.ar\/wp-content\/uploads\/2025\/03\/Intensivos-e1743440439801-400x400.jpg 400w\" sizes=\"(max-width: 800px) 100vw, 800px\" title=\"Intensivos con Laura Gutman\" \/>\t\t\t\t\t\t\t\t<\/a>\n\t\t\t\t\t\t\t\t\t\t\t\t\t\t\t<\/div>\n\t\t\t\t<\/div>\n\t\t\t\t<div class=\"elementor-element elementor-element-7c1764b9 elementor-widget elementor-widget-woocommerce-product-title elementor-page-title elementor-widget-heading\" data-id=\"7c1764b9\" data-element_type=\"widget\" data-e-type=\"widget\" data-widget_type=\"woocommerce-product-title.default\">\n\t\t\t\t<div class=\"elementor-widget-container\">\n\t\t\t\t\t<h2 class=\"product_title entry-title elementor-heading-title elementor-size-default\"><a href=\"https:\/\/universo.lauragutman.com.ar\/pt\/produto\/el-caos\/\">El caos<\/a><\/h2>\t\t\t\t<\/div>\n\t\t\t\t<\/div>\n\t\t<div class=\"elementor-element elementor-element-482bb351 e-con-full e-flex e-con e-child\" data-id=\"482bb351\" data-element_type=\"container\" data-e-type=\"container\">\n\t\t\t\t<div class=\"elementor-element elementor-element-6ef3566c elementor-widget elementor-widget-image\" data-id=\"6ef3566c\" data-element_type=\"widget\" data-e-type=\"widget\" data-widget_type=\"image.default\">\n\t\t\t\t<div class=\"elementor-widget-container\">\n\t\t\t\t\t\t\t\t\t\t\t\t\t\t\t<img decoding=\"async\" src=\"https:\/\/universo.lauragutman.com.ar\/wp-content\/uploads\/2024\/10\/sobre-laura-gutman.jpg\" title=\"\" alt=\"\" loading=\"lazy\" \/>\t\t\t\t\t\t\t\t\t\t\t\t\t\t\t<\/div>\n\t\t\t\t<\/div>\n\t\t\t\t<div class=\"elementor-element elementor-element-010a515 elementor-widget__width-auto elementor-widget elementor-widget-heading\" data-id=\"010a515\" data-element_type=\"widget\" data-e-type=\"widget\" data-widget_type=\"heading.default\">\n\t\t\t\t<div class=\"elementor-widget-container\">\n\t\t\t\t\t<h2 class=\"elementor-heading-title elementor-size-default\">Por:<\/h2>\t\t\t\t<\/div>\n\t\t\t\t<\/div>\n\t\t\t\t<div class=\"elementor-element elementor-element-1abaa415 elementor-widget elementor-widget-heading\" data-id=\"1abaa415\" data-element_type=\"widget\" data-e-type=\"widget\" data-widget_type=\"heading.default\">\n\t\t\t\t<div class=\"elementor-widget-container\">\n\t\t\t\t\t<span class=\"elementor-heading-title elementor-size-default\">Laura Gutman<\/span>\t\t\t\t<\/div>\n\t\t\t\t<\/div>\n\t\t\t\t<\/div>\n\t\t\t\t\t<\/div>\n\t\t\t\t<\/div>\n\t\t\t\t<\/div>\n\t\t\t\t<\/div>\n\t\t\n\t\t\t\t\t\t<\/div>\n\t\t\t\t<\/div>\n\t\t\t\t\t<\/div>\n\t\t\t\t<\/div>\n\t\t\t\t<\/div>\n\t\t","protected":false},"excerpt":{"rendered":"<p>INTENSIVOS CON LAURA GUTMAN Laura Gutman incorpora permanentemente conceptos nuevos y m\u00faltiples recursos para abordar las BHs.\u00a0 Te invitamos a que seas parte y est\u00e9s actualizado, para profundizar en el camino que ya iniciaste. Recuerda que si has obtenido tu Certificaci\u00f3n en Biograf\u00eda Humana\u00ae, tienes que participar en -al menos- dos intensivos por a\u00f1o.<\/p>","protected":false},"author":1,"featured_media":0,"parent":0,"menu_order":0,"comment_status":"closed","ping_status":"closed","template":"","meta":{"_acf_changed":false,"footnotes":""},"class_list":["post-8997","page","type-page","status-publish","hentry"],"acf":[],"_links":{"self":[{"href":"https:\/\/universo.lauragutman.com.ar\/pt\/wp-json\/wp\/v2\/pages\/8997","targetHints":{"allow":["GET"]}}],"collection":[{"href":"https:\/\/universo.lauragutman.com.ar\/pt\/wp-json\/wp\/v2\/pages"}],"about":[{"href":"https:\/\/universo.lauragutman.com.ar\/pt\/wp-json\/wp\/v2\/types\/page"}],"author":[{"embeddable":true,"href":"https:\/\/universo.lauragutman.com.ar\/pt\/wp-json\/wp\/v2\/users\/1"}],"replies":[{"embeddable":true,"href":"https:\/\/universo.lauragutman.com.ar\/pt\/wp-json\/wp\/v2\/comments?post=8997"}],"version-history":[{"count":22,"href":"https:\/\/universo.lauragutman.com.ar\/pt\/wp-json\/wp\/v2\/pages\/8997\/revisions"}],"predecessor-version":[{"id":9209,"href":"https:\/\/universo.lauragutman.com.ar\/pt\/wp-json\/wp\/v2\/pages\/8997\/revisions\/9209"}],"wp:attachment":[{"href":"https:\/\/universo.lauragutman.com.ar\/pt\/wp-json\/wp\/v2\/media?parent=8997"}],"curies":[{"name":"wp","href":"https:\/\/api.w.org\/{rel}","templated":true}]}}