{"id":10363,"date":"2025-10-30T13:44:31","date_gmt":"2025-10-30T16:44:31","guid":{"rendered":"https:\/\/universo.lauragutman.com.ar\/?post_type=product&#038;p=10363"},"modified":"2026-04-16T09:48:59","modified_gmt":"2026-04-16T12:48:59","slug":"escuela-de-biografia-humana-entrenamiento-en-bh-2026","status":"publish","type":"product","link":"https:\/\/universo.lauragutman.com.ar\/pt\/produto\/escuela-de-biografia-humana-entrenamiento-en-bh-2026\/","title":{"rendered":"Escuela de Biograf\u00eca Humana &#8211; Entrenamiento en BH 2026"},"content":{"rendered":"<h2><span style=\"font-weight: 500;\" class=\"gt3_font-weight\">Entrenamiento en <span style=\"color: #2487a0;\">Biograf\u00eda Humana\u00ae<\/span><\/span><\/h2>\n<p>&nbsp;<\/p>\n<h2><span style=\"color: #c7149a;\">\u00daNICA ESCOLA OFICIAL DE LAURA GUTMAN<\/span><\/h2>\n<h4><span style=\"color: #c7149a;\">(QUALQUER OUTRA FORMA\u00c7\u00c3O EM BIOGRAFIA HUMANA, N\u00c3O CONTA COM SEU AVAL)<\/span><\/h4>\n<h3><\/h3>\n<p>&nbsp;<\/p>\n<h3>INICIA el 10 de MARZO 2026<\/h3>\n<h3><\/h3>\n<p>&nbsp;<\/p>\n<h3 style=\"font-weight: 400;\"><strong><span>Todas as aulas<\/span><span>\u00a0<\/span><span>s\u00e3o<\/span><span style=\"color: #c7149a;\"> AO VIVO <\/span><\/strong><strong><span>com Laura Gutman<\/span><\/strong><\/h3>\n<h4 style=\"font-weight: 400;\"><strong><span>Requisitos<\/span><\/strong><\/h4>\n<h4 style=\"font-weight: 400;\"><span>Haber cursado <\/span>\u201cMaternidad ni\u00f1oc\u00e9ntrica\u201d.<\/h4>\n<h4 style=\"font-weight: 400;\"><span>Sugerimos haber iniciado el proceso de BH con nuestro equipo de B<em>ehacheadoras.<\/em><\/span><\/h4>\n<h4 style=\"font-weight: 400;\"><span>\u00a0<\/span><\/h4>\n<h4 style=\"font-weight: 400;\">Dura\u00e7\u00e3o. <strong>9 meses (de marzo a noviembre del 2026)<\/strong><\/h4>\n<h4 style=\"font-weight: 400;\"><strong><span>Todas as ter\u00e7as e algumas quartas-feiras<\/span><\/strong><\/h4>\n<h4 style=\"font-weight: 400;\"><span>\u00e0s 10h Argentina e Brasil<\/span><\/h4>\n<p>A las 15hs Europa<\/p>\n<h4 style=\"font-weight: 400;\"><em><span>Consulte hor\u00e1rios em outras regi\u00f5es de acordo com as \u00e9pocas do ano.<\/span><\/em><\/h4>\n<h4 style=\"font-weight: 400;\"><em><span>\u00a0<\/span><\/em><\/h4>\n<h4 style=\"font-weight: 400;\"><span>Durante cada clase <strong>AO VIVO<\/strong>, organizaremos la BH de un aprendiz, acompa\u00f1ado por otro aprendiz con mayor experiencia. El cronograma del a\u00f1o se genera seg\u00fan los pedidos de los participantes y habr\u00e1 l\u00edmite de vacantes (para la presentaci\u00f3n de la BH).<\/span><\/h4>\n<h4 style=\"font-weight: 400;\"><span>\u00a0<\/span><\/h4>\n<h4 style=\"font-weight: 400;\"><strong><span>Primeiro ano.<\/span><\/strong><strong><span>\u00a0<\/span><\/strong><\/h4>\n<h4 style=\"font-weight: 400;\"><span>Mergulharemos em um paradigma diferente de pensamento, utilizando a hist\u00f3ria real de cada aluno, que empresta sua BH para o aprendizado de todos. Laura Gutman aproveita as experi\u00eancias reais de cada indiv\u00edduo para ensinar a arte de acompanhar pessoas atrav\u00e9s do processo de Biografia Humana.<\/span><\/h4>\n<h4 style=\"font-weight: 400;\"><span>Quienes lo deseen, pueden pedir fecha. Todos acompa\u00f1amos con compasi\u00f3n y mirada ampliada.<\/span><\/h4>\n<h4 style=\"font-weight: 400;\"><strong><span>\u00a0<\/span><\/strong><\/h4>\n<h4 style=\"font-weight: 400;\"><strong><span>Segundo ano.<\/span><\/strong><\/h4>\n<h4 style=\"font-weight: 400;\">Es tiempo de ensayar el oficio de B<em>ehacheador<\/em>, organizando a BH de algum colega para apresenta\u00e7\u00e3o em aula. J\u00e1 treinados com os p\u00e9s no ch\u00e3o, exercitamo-nos com uma vis\u00e3o global, percebendo as realidades emocionais do outro na sua correta dimens\u00e3o.<\/h4>\n<h4 style=\"font-weight: 400;\"><strong><span>\u00a0<\/span><\/strong><\/h4>\n<h4 style=\"font-weight: 400;\"><\/h4>\n<h4><span style=\"font-weight: 400;\" class=\"gt3_font-weight\">No utilizamos un sistema escolar, sino que cada individuo respeta sus propios tiempos para incorporar conceptos nuevos y llevarlos a la pr\u00e1ctica. Por eso, es posible permanecer los siguientes a\u00f1os en un entrenamiento continuo.<\/span><\/h4>\n<p>&nbsp;<\/p>\n<h3 style=\"font-weight: 400;\"><span style=\"color: #c7149a;\"><strong>\u00bfQu\u00e9 sucede al terminar el entrenamiento en BHs?<\/strong><\/span><\/h3>\n<p>&nbsp;<\/p>\n<h4><span style=\"font-weight: 400;\" class=\"gt3_font-weight\">Si quieres certificarte como <span style=\"color: #1ca8bc;\">Behacheador\/a\u00ae<\/span>, ofrecemos un posgrado: el <strong>Laboratorio de pensamiento<\/strong>. Luego, existe la posibilidad de estar en formaci\u00f3n permanente con Laura Gutman bajo distintas propuestas, e incluso integrar el Equipo de B<em>ehacheadores<\/em>\u00a0que dirige Laura Gutman.<\/span><\/h4>\n<h4><span style=\"font-weight: 400;\" class=\"gt3_font-weight\">Tambi\u00e9n ofrecemos un posgrado espectacular: La formaci\u00f3n en <strong>Biograf\u00eda humana y astrolog\u00eda<\/strong>, integrando ambos lenguajes,\u00a0 abordando aspectos a\u00fan m\u00e1s sutiles o sombr\u00edos.<\/span><\/h4>","protected":false},"excerpt":{"rendered":"<p>Entrenamiento en Biograf\u00eda Humana\u00ae &nbsp; \u00daNICA ESCUELA OFICIAL DE LAURA GUTMAN (CUALQUIER OTRA FORMACI\u00d3N EN BIOGRAF\u00cdA HUMANA, NO CUENTA CON SU AVAL) &nbsp; INICIA el 10 de MARZO 2026 &nbsp; Todas las clases\u00a0son EN VIVO con Laura Gutman Requisitos Haber cursado \u201cMaternidad ni\u00f1oc\u00e9ntrica\u201d. Sugerimos haber iniciado el proceso de BH con nuestro equipo de Behacheadoras. [&hellip;]<\/p>\n","protected":false},"featured_media":3969,"template":"","meta":{"_acf_changed":false},"product_brand":[],"product_cat":[34,27,22],"product_tag":[],"class_list":{"0":"post-10363","1":"product","2":"type-product","3":"status-publish","4":"has-post-thumbnail","6":"product_cat-guia-bh","7":"product_cat-home","8":"product_cat-universo","10":"first","11":"instock","12":"sold-individually","13":"shipping-taxable","14":"purchasable","15":"product-type-variable"},"acf":[],"_links":{"self":[{"href":"https:\/\/universo.lauragutman.com.ar\/pt\/wp-json\/wp\/v2\/product\/10363","targetHints":{"allow":["GET"]}}],"collection":[{"href":"https:\/\/universo.lauragutman.com.ar\/pt\/wp-json\/wp\/v2\/product"}],"about":[{"href":"https:\/\/universo.lauragutman.com.ar\/pt\/wp-json\/wp\/v2\/types\/product"}],"wp:featuredmedia":[{"embeddable":true,"href":"https:\/\/universo.lauragutman.com.ar\/pt\/wp-json\/wp\/v2\/media\/3969"}],"wp:attachment":[{"href":"https:\/\/universo.lauragutman.com.ar\/pt\/wp-json\/wp\/v2\/media?parent=10363"}],"wp:term":[{"taxonomy":"product_brand","embeddable":true,"href":"https:\/\/universo.lauragutman.com.ar\/pt\/wp-json\/wp\/v2\/product_brand?post=10363"},{"taxonomy":"product_cat","embeddable":true,"href":"https:\/\/universo.lauragutman.com.ar\/pt\/wp-json\/wp\/v2\/product_cat?post=10363"},{"taxonomy":"product_tag","embeddable":true,"href":"https:\/\/universo.lauragutman.com.ar\/pt\/wp-json\/wp\/v2\/product_tag?post=10363"}],"curies":[{"name":"wp","href":"https:\/\/api.w.org\/{rel}","templated":true}]}}