{"id":107,"date":"2024-10-18T16:45:33","date_gmt":"2024-10-18T16:45:33","guid":{"rendered":"https:\/\/universo.lauragutman.com.ar\/?post_type=product&#038;p=107"},"modified":"2024-10-30T16:40:30","modified_gmt":"2024-10-30T19:40:30","slug":"conversatorios-abiertos-y-gratuitos-con-laura-gutman","status":"publish","type":"product","link":"https:\/\/universo.lauragutman.com.ar\/pt\/produto\/conversatorios-abiertos-y-gratuitos-con-laura-gutman\/","title":{"rendered":"Converse abertamente com Laura Gutman"},"content":{"rendered":"<h4><span style=\"color: #666699;\"><strong>Conversa abiertamente con Laura Gutman EN VIVO.<\/strong><\/span><br \/>\n<span style=\"color: #666699;\"><strong>Aberto ao p\u00fablico, sem restri\u00e7\u00f5es. Reuni\u00e3o feita por ZOOM<\/strong><\/span><\/h4>\n<p>&nbsp;<\/p>\n<p>Conte\u00fado:<br \/>\nA escola: serve?<\/p>\n<p><strong>28 Outubro 2024<br \/>\n<\/strong><br \/>\n<span>\u2192<\/span> \u00c0s 9h na Cidade do M\u00e9xico<br \/>\n<span>\u2192<\/span> A las 10hs de Colombia \u2013 Per\u00fa<br \/>\n<span>\u2192<\/span> A las 11hs Chile \u2013 Miami<br \/>\n<span>\u2192 <\/span>A las 12hs Argentina \u2013 Brasil \u2013 Uruguay<br \/>\n<span>\u2192 <\/span>A las 16hs Portugal \u2013 UK<br \/>\n<span>\u2192 <\/span>A las 17hs Europa<\/p>\n<p>Clique no link abaixo para participar dessa conversa on-line:<\/p>\n<p><strong><a href=\"https:\/\/us02web.zoom.us\/j\/87565886123\">https:\/\/us02web.zoom.us\/j\/87565886123<\/a><\/strong><\/p>\n<p>&nbsp;<\/p>","protected":false},"excerpt":{"rendered":"<p>Conversa abiertamente con Laura Gutman EN VIVO. Abierto a todo el p\u00fablico, sin restricciones. Seminario por ZOOM &nbsp; Pr\u00f3xima Tem\u00e1tica: La escuela: Sirve? Lunes 28 de Octubre de 2024. \u2192 A las 9hs de Ciudad de M\u00e9xico \u2192 A las 10hs de Colombia \u2013 Per\u00fa \u2192 A las 11hs Chile \u2013 Miami \u2192 A las [&hellip;]<\/p>\n","protected":false},"featured_media":148,"template":"","meta":{"_acf_changed":false},"product_brand":[],"product_cat":[27,22],"product_tag":[],"class_list":{"0":"post-107","1":"product","2":"type-product","3":"status-publish","4":"has-post-thumbnail","6":"product_cat-home","7":"product_cat-universo","9":"first","10":"instock","11":"virtual","12":"sold-individually","13":"product-type-simple"},"acf":[],"_links":{"self":[{"href":"https:\/\/universo.lauragutman.com.ar\/pt\/wp-json\/wp\/v2\/product\/107","targetHints":{"allow":["GET"]}}],"collection":[{"href":"https:\/\/universo.lauragutman.com.ar\/pt\/wp-json\/wp\/v2\/product"}],"about":[{"href":"https:\/\/universo.lauragutman.com.ar\/pt\/wp-json\/wp\/v2\/types\/product"}],"wp:featuredmedia":[{"embeddable":true,"href":"https:\/\/universo.lauragutman.com.ar\/pt\/wp-json\/wp\/v2\/media\/148"}],"wp:attachment":[{"href":"https:\/\/universo.lauragutman.com.ar\/pt\/wp-json\/wp\/v2\/media?parent=107"}],"wp:term":[{"taxonomy":"product_brand","embeddable":true,"href":"https:\/\/universo.lauragutman.com.ar\/pt\/wp-json\/wp\/v2\/product_brand?post=107"},{"taxonomy":"product_cat","embeddable":true,"href":"https:\/\/universo.lauragutman.com.ar\/pt\/wp-json\/wp\/v2\/product_cat?post=107"},{"taxonomy":"product_tag","embeddable":true,"href":"https:\/\/universo.lauragutman.com.ar\/pt\/wp-json\/wp\/v2\/product_tag?post=107"}],"curies":[{"name":"wp","href":"https:\/\/api.w.org\/{rel}","templated":true}]}}