{"id":11646,"date":"2026-03-31T16:26:35","date_gmt":"2026-03-31T19:26:35","guid":{"rendered":"https:\/\/universo.lauragutman.com.ar\/?post_type=product&#038;p=11646"},"modified":"2026-04-06T16:11:29","modified_gmt":"2026-04-06T19:11:29","slug":"laura-gutman-en-barcelona-espana","status":"publish","type":"product","link":"https:\/\/universo.lauragutman.com.ar\/pt\/produto\/laura-gutman-en-barcelona-espana\/","title":{"rendered":"Laura Gutman en Barcelona &#8211; Espa\u00f1a"},"content":{"rendered":"<h3><span style=\"font-weight: 500; color: #993366;\" class=\"gt3_font-weight\"><strong>La criatura que fui, el adulto consciente que soy<\/strong><\/span><\/h3>\n<p><strong>\u00a0<\/strong><\/p>\n<p>Una experiencia presencial, para abordar nuestras problem\u00e1ticas desde un paradigma distinto, poniendo en el centro de la escena al\/la ni\u00f1o\/a que hemos sido.<\/p>\n<p>&nbsp;<\/p>\n<h3><span style=\"color: #993366;\">\u00bfCu\u00e1ndo?<\/span><\/h3>\n<p>El s\u00e1bado 1<strong>7 de octubre<\/strong> de 2026, de <strong>10 a 15 hs.<\/strong><\/p>\n<p>&nbsp;<\/p>\n<h3><span style=\"color: #993366;\">\u00bfDonde?<\/span><\/h3>\n<p><strong>Institut Pau Claris<\/strong><\/p>\n<p>Passeig de Llu\u00eds Companys, 18, Ciutat Vella, 08018 Barcelona, Espa\u00f1a<\/p>\n<p>&nbsp;<\/p>\n<h3><span style=\"color: #993366;\">A quem est\u00e1 dirigido esse curso?<\/span><\/h3>\n<p>Abierto a todos, hombres y mujeres.\u00a0Recomendamos a profesionales de la salud y la educaci\u00f3n, terapeutas de todas las \u00e1reas, madres y padres de ni\u00f1os y adolescentes y a todo individuo interesado en contribuir a generar un mundo m\u00e1s amable.<\/p>\n<p>&nbsp;<\/p>\n<h3><span style=\"color: #993366;\">Programa:<\/span><\/h3>\n<p>El dise\u00f1o original del ser humano. Por qu\u00e9 es importante comprender el alcance de la fusi\u00f3n emocional.<\/p>\n<p>La historia de vida (la biograf\u00eda humana) de las mujeres devenidas madres.<\/p>\n<p>La propia infancia como punto de partida.<\/p>\n<p>El discurso materno versus la realidad emocional.<\/p>\n<p>El ni\u00f1o como manifestaci\u00f3n de la sombra y gu\u00eda.<\/p>\n<p>Din\u00e1micas familiares: c\u00f3mo observar con mirada ampliada, comprendiendo los puntos de vista de cada uno.<\/p>\n<p>C\u00f3mo cortar eslabones de la cadena transgeneracional de desamor.<\/p>\n<p>Recursos concretos para quienes acompa\u00f1amos procesos terap\u00e9uticos.<\/p>\n<p>Hacia una civilizaci\u00f3n ni\u00f1oc\u00e9ntrica. Por qu\u00e9 es tan importante amar a los ni\u00f1os, incluso si no hemos sido suficientemente amados.<\/p>\n<p>&nbsp;<\/p>\n<h3><span style=\"color: #993366;\">\u00bfComo va a ser el encuentro?<\/span><\/h3>\n<p>Laura Gutman explicar\u00e1 conceptos en un lenguaje claro y sencillo. Todos podr\u00e1n dialogar, preguntar, comentar y reflexionar.<\/p>\n<p>&nbsp;<\/p>\n<h3><span style=\"color: #993366;\">Qual \u00e9 o prop\u00f3sito desse curso?<\/span><\/h3>\n<p>Ampliar nuestro pensamiento, asom\u00e1ndonos hacia un paradigma de vida, distinto del habitual. Abordaremos las bases del dise\u00f1o original del ser humano, rescatando el punto de vista del ni\u00f1o que hemos sido. Y compartiremos un planteo realista, tanto para quienes somos madres, como para hombres y mujeres que pretendemos comprender nuestras infancias y nuestro devenir.<\/p>\n<p>&nbsp;<\/p>\n<h3><span style=\"color: #993366;\">\u00bfHay promociones?<\/span><\/h3>\n<p>S\u00ed, hasta el 20 de enero de 2026.\u00a0Y si vienes acompa\u00f1ado se suma otro descuento<\/p>\n<p>&nbsp;<\/p>\n<h3><span style=\"color: #993366;\">Tem mais d\u00favidas?<\/span><\/h3>\n<p>Por favor contactanos por <span><a href=\"mailto: consultas@lauragutman.com.ar\">Mail<\/a>\u00a0 o al\u00a0 <\/span><a href=\"https:\/\/wa.me\/5491159584348\">WhatsApp<\/a><\/p>\n<p>Te responderemos a la brevedad<\/p>","protected":false},"excerpt":{"rendered":"<p>La criatura que fui, el adulto consciente que soy \u00a0 Una experiencia presencial, para abordar nuestras problem\u00e1ticas desde un paradigma distinto, poniendo en el centro de la escena al\/la ni\u00f1o\/a que hemos sido. &nbsp; \u00bfCu\u00e1ndo? El s\u00e1bado 17 de octubre de 2026, de 10 a 15 hs. &nbsp; \u00bfDonde? Institut Pau Claris Passeig de Llu\u00eds [&hellip;]<\/p>\n","protected":false},"featured_media":7387,"template":"","meta":{"_acf_changed":false},"product_brand":[],"product_cat":[27,22],"product_tag":[],"class_list":{"0":"post-11646","1":"product","2":"type-product","3":"status-publish","4":"has-post-thumbnail","6":"product_cat-home","7":"product_cat-universo","9":"first","10":"instock","11":"sale","12":"virtual","13":"purchasable","14":"product-type-simple"},"acf":[],"_links":{"self":[{"href":"https:\/\/universo.lauragutman.com.ar\/pt\/wp-json\/wp\/v2\/product\/11646","targetHints":{"allow":["GET"]}}],"collection":[{"href":"https:\/\/universo.lauragutman.com.ar\/pt\/wp-json\/wp\/v2\/product"}],"about":[{"href":"https:\/\/universo.lauragutman.com.ar\/pt\/wp-json\/wp\/v2\/types\/product"}],"wp:featuredmedia":[{"embeddable":true,"href":"https:\/\/universo.lauragutman.com.ar\/pt\/wp-json\/wp\/v2\/media\/7387"}],"wp:attachment":[{"href":"https:\/\/universo.lauragutman.com.ar\/pt\/wp-json\/wp\/v2\/media?parent=11646"}],"wp:term":[{"taxonomy":"product_brand","embeddable":true,"href":"https:\/\/universo.lauragutman.com.ar\/pt\/wp-json\/wp\/v2\/product_brand?post=11646"},{"taxonomy":"product_cat","embeddable":true,"href":"https:\/\/universo.lauragutman.com.ar\/pt\/wp-json\/wp\/v2\/product_cat?post=11646"},{"taxonomy":"product_tag","embeddable":true,"href":"https:\/\/universo.lauragutman.com.ar\/pt\/wp-json\/wp\/v2\/product_tag?post=11646"}],"curies":[{"name":"wp","href":"https:\/\/api.w.org\/{rel}","templated":true}]}}