{"id":11743,"date":"2026-04-06T15:20:00","date_gmt":"2026-04-06T18:20:00","guid":{"rendered":"https:\/\/universo.lauragutman.com.ar\/?post_type=product&#038;p=11743"},"modified":"2026-04-06T16:03:01","modified_gmt":"2026-04-06T19:03:01","slug":"ebh2026intro","status":"publish","type":"product","link":"https:\/\/universo.lauragutman.com.ar\/pt\/produto\/ebh2026intro\/","title":{"rendered":"Escuela de Biograf\u00eda Humana &#8211; Introducci\u00f3n &#8211; 2026"},"content":{"rendered":"<h3><span style=\"font-weight: 500;\" class=\"gt3_font-weight\">Aqu\u00ed comienza la formaci\u00f3n con Laura Gutman en <span style=\"color: #2487a0;\">Biograf\u00eda Humana\u00ae<\/span><\/span><\/h3>\n<p>&nbsp;<\/p>\n<h3 style=\"text-align: left;\"><span style=\"color: #c7149a;\">\u00daNICA ESCOLA OFICIAL DE LAURA GUTMAN<\/span><\/h3>\n<h5 style=\"text-align: left;\"><span style=\"color: #000000;\">(QUALQUER OUTRA FORMA\u00c7\u00c3O EM BIOGRAFIA HUMANA, N\u00c3O CONTA COM SEU AVAL)<\/span><\/h5>\n<p style=\"text-align: left;\"><span>\u00a0<\/span><\/p>\n<h3 style=\"text-align: left;\"><span style=\"color: #c7149a;\">A quem est\u00e1 dirigido esse curso?<\/span><\/h3>\n<p style=\"text-align: left;\" class=\"translation-block\">A homens e mulheres interessados em aprofundar o seu conhecimento sobre temas ligados \u00e0 ess\u00eancia da vida humana. Se trata de um curso 100% virtual, sem pr\u00e9-requisitos.<\/p>\n<p>&nbsp;<\/p>\n<h3 style=\"text-align: left;\"><span style=\"color: #c7149a;\">\u00bfCuando comienza?<\/span><\/h3>\n<p>Pode ser iniciado\u00a0<strong>agora<\/strong>, ou em qualquer momento do ano.<\/p>\n<p>&nbsp;<\/p>\n<h3 style=\"text-align: left;\"><span style=\"color: #c7149a;\">O qu\u00ea acontece ap\u00f3s a inscri\u00e7\u00e3o?<\/span><\/h3>\n<p>Recibir\u00e1s\u00a0<strong>24 videos grabados por Laura Gutman<\/strong>\u00a0(com legendas en portugu\u00e9s). Te avisaremos las fechas en que estar\u00e1n habilitados para ti.\u00a0 La modalidad es <strong><span style=\"color: #c7149a;\">100%virtual<\/span><\/strong>, lo puedes ir vi\u00e9ndolo a <strong><span style=\"color: #c7149a;\">tu ritmo<\/span><\/strong><\/p>\n<p>&nbsp;<\/p>\n<h3 style=\"text-align: left;\"><span style=\"color: #c7149a;\">Quando terei aulas ao vivo com Laura Gutman?<\/span><\/h3>\n<p>Las clases\u00a0<strong>AO VIVO<\/strong><strong>\u00a0com Laura Gutman<\/strong>\u00a0comienzan el <strong>jueves 3<\/strong> de\u00a0<strong>septiembre de 2026<\/strong>.<\/p>\n<p>Ser\u00e3o 13 encontros ao vivo com Laura Gutman,<\/p>\n<p><strong>Sempre \u00e0s quintas-feiras\u00a0<\/strong><\/p>\n<p><strong>a las 6.00hs California (USA)<\/strong><\/p>\n<p><strong>a las 7.00hs \u00a0CDMX<\/strong><\/p>\n<p><strong>a las 9hs Miami (USA)<\/strong><\/p>\n<p><strong>a las 10.00hs Argentina y Brasil\u00a0<\/strong><\/p>\n<p><strong>a las 15.00hs Europa<\/strong><\/p>\n<p>&nbsp;<\/p>\n<h3 style=\"text-align: left;\"><span style=\"color: #c7149a;\">O qu\u00ea vai acontecer durante essas aulas ao vivo?<\/span><\/h3>\n<p>Os aprendizes v\u00e3o poder dialogar, perguntar, comentar e refletir com Laura Gutman sobre os temas propostos nos v\u00eddeos que receberam, conforme o cronograma mais abaixo.<\/p>\n<p>&nbsp;<\/p>\n<h3 style=\"text-align: left;\"><span style=\"color: #c7149a;\">Qual \u00e9 o prop\u00f3sito desse curso?<\/span><\/h3>\n<p style=\"text-align: left;\">Esse curso visa ampliar o nosso pensamento em rela\u00e7\u00e3o a alternativos paradigmas de vida, diferentes do usual. Vamos abordar os fundamentos do desenho original do ser humano, resgatando o ponto de vista da crian\u00e7a que fomos. E vamos compartilhar uma abordagem realista para todos que buscam entender a sua inf\u00e2ncia, seu presente e seu futuro.<\/p>\n<p>&nbsp;<\/p>\n<h3 style=\"text-align: left;\"><span style=\"color: #c7149a;\">O qu\u00ea acontece depois desse curso?<\/span><\/h3>\n<p>Quienes hayan cursado la <strong>Introdu\u00e7\u00e3o \u00e0 Escola de Biografia Humana<\/strong>, y -en lo posible- comiencen su propia biograf\u00eda humana con una\u00a0<em>BHdora (profissional de Biografia Humana)<\/em>\u00a0de nuestro Equipo, si est\u00e1n interesados, podr\u00e1n acceder al\u00a0<strong>Entrenamiento en BH<\/strong>\u00a0que dura entre 2 y 3 a\u00f1os, (depende de cada individuo). Luego, para\u00a0<strong>certificarte\u00a0<\/strong>como behacheador\/a\u00ae, tienes la posibilidad de realizar pr\u00e1cticas en el Laboratorio de pensamiento.<\/p>\n<p>&nbsp;<\/p>\n<h3 style=\"text-align: left;\"><span style=\"color: #c7149a;\">Tem mais d\u00favidas?<\/span><\/h3>\n<p style=\"text-align: left;\">Por favor contactanos por mail <strong><a href=\"mailto:consultas@lauragutman.com.ar\">consultas@lauragutman.com.ar<\/a> <\/strong>o WhatsApp <strong><a href=\"https:\/\/wa.me\/5491159584348\">+5491159584348<\/a><\/strong><\/p>","protected":false},"excerpt":{"rendered":"<p>Aqu\u00ed comienza la formaci\u00f3n con Laura Gutman en Biograf\u00eda Humana\u00ae &nbsp; &#8211; \u00daNICA ESCUELA OFICIAL DE LAURA GUTMAN &#8211; (CUALQUIER OTRA FORMACI\u00d3N EN BIOGRAF\u00cdA HUMANA, NO CUENTA CON SU AVAL) \u00a0 \u00bfA qui\u00e9nes est\u00e1 dirigido? Abierto a todos, hombres y mujeres. No hay requisitos. &nbsp; \u00bfCuando comienza? Puedes comenzar\u00a0ahora, o en cualquier momento del a\u00f1o. [&hellip;]<\/p>\n","protected":false},"featured_media":4110,"template":"","meta":{"_acf_changed":false},"product_brand":[],"product_cat":[27,22],"product_tag":[],"class_list":{"0":"post-11743","1":"product","2":"type-product","3":"status-publish","4":"has-post-thumbnail","6":"product_cat-home","7":"product_cat-universo","9":"first","10":"instock","11":"sale","12":"sold-individually","13":"shipping-taxable","14":"purchasable","15":"product-type-variable"},"acf":[],"_links":{"self":[{"href":"https:\/\/universo.lauragutman.com.ar\/pt\/wp-json\/wp\/v2\/product\/11743","targetHints":{"allow":["GET"]}}],"collection":[{"href":"https:\/\/universo.lauragutman.com.ar\/pt\/wp-json\/wp\/v2\/product"}],"about":[{"href":"https:\/\/universo.lauragutman.com.ar\/pt\/wp-json\/wp\/v2\/types\/product"}],"wp:featuredmedia":[{"embeddable":true,"href":"https:\/\/universo.lauragutman.com.ar\/pt\/wp-json\/wp\/v2\/media\/4110"}],"wp:attachment":[{"href":"https:\/\/universo.lauragutman.com.ar\/pt\/wp-json\/wp\/v2\/media?parent=11743"}],"wp:term":[{"taxonomy":"product_brand","embeddable":true,"href":"https:\/\/universo.lauragutman.com.ar\/pt\/wp-json\/wp\/v2\/product_brand?post=11743"},{"taxonomy":"product_cat","embeddable":true,"href":"https:\/\/universo.lauragutman.com.ar\/pt\/wp-json\/wp\/v2\/product_cat?post=11743"},{"taxonomy":"product_tag","embeddable":true,"href":"https:\/\/universo.lauragutman.com.ar\/pt\/wp-json\/wp\/v2\/product_tag?post=11743"}],"curies":[{"name":"wp","href":"https:\/\/api.w.org\/{rel}","templated":true}]}}