{"id":11955,"date":"2026-04-29T15:27:12","date_gmt":"2026-04-29T18:27:12","guid":{"rendered":"https:\/\/universo.lauragutman.com.ar\/?post_type=product&#038;p=11955"},"modified":"2026-04-29T15:43:15","modified_gmt":"2026-04-29T18:43:15","slug":"laboratorio-de-pensamiento-mayo-2026","status":"publish","type":"product","link":"https:\/\/universo.lauragutman.com.ar\/pt\/produto\/laboratorio-de-pensamiento-mayo-2026\/","title":{"rendered":"Laboratorio de pensamiento &#8211; Mayo 2026"},"content":{"rendered":"<h3><span style=\"font-weight: 500;\" class=\"gt3_font-weight\"><strong>Posgrado de la Escuela de <span style=\"color: #2487a0;\">Biograf\u00eda Humana\u00ae<\/span> para obtener la Certificaci\u00f3n<\/strong><\/span><\/h3>\n<p>&nbsp;<\/p>\n<p>El Laboratorio de pensamiento es un \u00e1mbito <strong>EXCLUSIVO<\/strong> para egresados del \u201cEntrenamiento en BH\u201d<\/p>\n<p><strong>\u00a0<\/strong><\/p>\n<p>El prop\u00f3sito es acompa\u00f1ar las experiencias de acompa\u00f1amiento de la BH, a consultantes reales, a trav\u00e9s de supervisiones escritas y de encuentros semanales. Est\u00e1 dirigido por tres <em>Behacheadoras<\/em>. Se puede participar CON supervisi\u00f3n de casos o SIN supervisi\u00f3n de casos. El compromiso es MENSUAL, renovable o no.<\/p>\n<p>Completando un a\u00f1o de participaci\u00f3n en el laboratorio, obtienes la certificaci\u00f3n en <span style=\"color: #1ca8bc;\">Biograf\u00eda Humana\u00ae<\/span><\/p>\n<p>Este es el \u201csemillero\u201d donde <strong>Laura Gutman<\/strong> va eligiendo, a trav\u00e9s de los a\u00f1os, a los <em>behacheadores<\/em> que pasan a formar parte de nuestro Equipo.<\/p>\n<p>&nbsp;<\/p>\n<p>Las clases son todos los martes<\/p>\n<p>a las 9.00 CDMX<\/p>\n<p>a las 11.00 Miami<\/p>\n<p>a las 12.00 Argentina y Brasil<\/p>\n<p>a las 17.00 Europa<\/p>","protected":false},"excerpt":{"rendered":"<p>Posgrado de la Escuela de Biograf\u00eda Humana\u00ae para obtener la Certificaci\u00f3n &nbsp; El Laboratorio de pensamiento es un \u00e1mbito EXCLUSIVO para egresados del \u201cEntrenamiento en BH\u201d \u00a0 El prop\u00f3sito es acompa\u00f1ar las experiencias de acompa\u00f1amiento de la BH, a consultantes reales, a trav\u00e9s de supervisiones escritas y de encuentros semanales. Est\u00e1 dirigido por tres Behacheadoras. [&hellip;]<\/p>\n","protected":false},"featured_media":4145,"template":"","meta":{"_acf_changed":false},"product_brand":[],"product_cat":[34,27,22],"product_tag":[],"class_list":{"0":"post-11955","1":"product","2":"type-product","3":"status-publish","4":"has-post-thumbnail","6":"product_cat-guia-bh","7":"product_cat-home","8":"product_cat-universo","10":"first","11":"instock","12":"virtual","13":"sold-individually","14":"purchasable","15":"product-type-simple"},"acf":[],"_links":{"self":[{"href":"https:\/\/universo.lauragutman.com.ar\/pt\/wp-json\/wp\/v2\/product\/11955","targetHints":{"allow":["GET"]}}],"collection":[{"href":"https:\/\/universo.lauragutman.com.ar\/pt\/wp-json\/wp\/v2\/product"}],"about":[{"href":"https:\/\/universo.lauragutman.com.ar\/pt\/wp-json\/wp\/v2\/types\/product"}],"wp:featuredmedia":[{"embeddable":true,"href":"https:\/\/universo.lauragutman.com.ar\/pt\/wp-json\/wp\/v2\/media\/4145"}],"wp:attachment":[{"href":"https:\/\/universo.lauragutman.com.ar\/pt\/wp-json\/wp\/v2\/media?parent=11955"}],"wp:term":[{"taxonomy":"product_brand","embeddable":true,"href":"https:\/\/universo.lauragutman.com.ar\/pt\/wp-json\/wp\/v2\/product_brand?post=11955"},{"taxonomy":"product_cat","embeddable":true,"href":"https:\/\/universo.lauragutman.com.ar\/pt\/wp-json\/wp\/v2\/product_cat?post=11955"},{"taxonomy":"product_tag","embeddable":true,"href":"https:\/\/universo.lauragutman.com.ar\/pt\/wp-json\/wp\/v2\/product_tag?post=11955"}],"curies":[{"name":"wp","href":"https:\/\/api.w.org\/{rel}","templated":true}]}}