{"id":4067,"date":"2024-10-28T15:02:57","date_gmt":"2024-10-28T18:02:57","guid":{"rendered":"https:\/\/universo.lauragutman.com.ar\/?post_type=product&#038;p=4067"},"modified":"2026-04-07T17:54:26","modified_gmt":"2026-04-07T20:54:26","slug":"master-class-con-laura-gutman","status":"publish","type":"product","link":"https:\/\/universo.lauragutman.com.ar\/pt\/produto\/master-class-con-laura-gutman\/","title":{"rendered":"Master Class com Laura Gutman"},"content":{"rendered":"<p>Diferentes temas para mergulhar no pensamento de Laura Gutman, que o convida a observar a realidade sob outros pontos de vista, com o prop\u00f3sito de nos tornar cada vez mais respons\u00e1veis \u200b\u200bpelas nossas escolhas.<\/p>\n<p>Escolha sua Master Class favorita. Voc\u00ea pode faz\u00ea-los na ordem que desejar.<\/p>","protected":false},"excerpt":{"rendered":"<p>Distintas tem\u00e1ticas para sumergirte en el pensamiento de Laura Gutman, quien te invita a observar la realidad desde otros puntos de vista, con el prop\u00f3sito de que seamos cada vez m\u00e1s responsable de nuestras elecciones. Eleg\u00ed tu Master Class preferida. Podes hacerlas en el orden que quieras.<\/p>","protected":false},"featured_media":11775,"template":"","meta":{"_acf_changed":false},"product_brand":[],"product_cat":[27,22],"product_tag":[],"class_list":{"0":"post-4067","1":"product","2":"type-product","3":"status-publish","4":"has-post-thumbnail","6":"product_cat-home","7":"product_cat-universo","9":"first","10":"instock","11":"sale","12":"shipping-taxable","13":"purchasable","14":"product-type-variable"},"acf":[],"_links":{"self":[{"href":"https:\/\/universo.lauragutman.com.ar\/pt\/wp-json\/wp\/v2\/product\/4067","targetHints":{"allow":["GET"]}}],"collection":[{"href":"https:\/\/universo.lauragutman.com.ar\/pt\/wp-json\/wp\/v2\/product"}],"about":[{"href":"https:\/\/universo.lauragutman.com.ar\/pt\/wp-json\/wp\/v2\/types\/product"}],"wp:featuredmedia":[{"embeddable":true,"href":"https:\/\/universo.lauragutman.com.ar\/pt\/wp-json\/wp\/v2\/media\/11775"}],"wp:attachment":[{"href":"https:\/\/universo.lauragutman.com.ar\/pt\/wp-json\/wp\/v2\/media?parent=4067"}],"wp:term":[{"taxonomy":"product_brand","embeddable":true,"href":"https:\/\/universo.lauragutman.com.ar\/pt\/wp-json\/wp\/v2\/product_brand?post=4067"},{"taxonomy":"product_cat","embeddable":true,"href":"https:\/\/universo.lauragutman.com.ar\/pt\/wp-json\/wp\/v2\/product_cat?post=4067"},{"taxonomy":"product_tag","embeddable":true,"href":"https:\/\/universo.lauragutman.com.ar\/pt\/wp-json\/wp\/v2\/product_tag?post=4067"}],"curies":[{"name":"wp","href":"https:\/\/api.w.org\/{rel}","templated":true}]}}