{"id":4079,"date":"2024-10-28T15:48:04","date_gmt":"2024-10-28T18:48:04","guid":{"rendered":"https:\/\/universo.lauragutman.com.ar\/?post_type=product&#038;p=4079"},"modified":"2025-08-14T11:38:51","modified_gmt":"2025-08-14T14:38:51","slug":"abc-astrologia","status":"publish","type":"product","link":"https:\/\/universo.lauragutman.com.ar\/pt\/produto\/abc-astrologia\/","title":{"rendered":"ABC de Astrolog\u00eda y las 12 Lunas"},"content":{"rendered":"<p>Para quienes exploran la BH y quieran agregar la mirada astrol\u00f3gica, ofrecemos esta introducci\u00f3n, con conceptos nuevos pero f\u00e1ciles. Abierto a todos<\/p>\n<p>Una nueva aventura: la combinaci\u00f3n de la <strong>Biograf\u00eda humana<\/strong> e a <strong>Astrolog\u00eda<\/strong>, de la mano de Maiara Queiroz.<\/p>\n<div class=\"elementor-element elementor-element-ab3d539 e-flex e-con-boxed e-con e-parent e-lazyloaded\" data-id=\"ab3d539\" data-element_type=\"container\">\n<div class=\"e-con-inner\">\n<div class=\"elementor-element elementor-element-535ec13 elementor-widget elementor-widget-text-editor\" data-id=\"535ec13\" data-element_type=\"widget\" data-widget_type=\"text-editor.default\">\n<div class=\"elementor-widget-container\">\n<p>DISPONIBLE DURANTE 6 MESES<\/p>\n<\/div>\n<\/div>\n<\/div>\n<\/div>","protected":false},"excerpt":{"rendered":"<p>Para quienes exploran la BH y quieran agregar la mirada astrol\u00f3gica, ofrecemos esta introducci\u00f3n, con conceptos nuevos pero f\u00e1ciles. Abierto a todos Una nueva aventura: la combinaci\u00f3n de la Biograf\u00eda humana y la Astrolog\u00eda, de la mano de Maiara Queiroz. DISPONIBLE DURANTE 6 MESES<\/p>","protected":false},"featured_media":9029,"template":"","meta":{"_acf_changed":false},"product_brand":[],"product_cat":[27,22],"product_tag":[],"class_list":{"0":"post-4079","1":"product","2":"type-product","3":"status-publish","4":"has-post-thumbnail","6":"product_cat-home","7":"product_cat-universo","9":"first","10":"instock","11":"sale","12":"virtual","13":"sold-individually","14":"purchasable","15":"product-type-simple"},"acf":[],"_links":{"self":[{"href":"https:\/\/universo.lauragutman.com.ar\/pt\/wp-json\/wp\/v2\/product\/4079","targetHints":{"allow":["GET"]}}],"collection":[{"href":"https:\/\/universo.lauragutman.com.ar\/pt\/wp-json\/wp\/v2\/product"}],"about":[{"href":"https:\/\/universo.lauragutman.com.ar\/pt\/wp-json\/wp\/v2\/types\/product"}],"wp:featuredmedia":[{"embeddable":true,"href":"https:\/\/universo.lauragutman.com.ar\/pt\/wp-json\/wp\/v2\/media\/9029"}],"wp:attachment":[{"href":"https:\/\/universo.lauragutman.com.ar\/pt\/wp-json\/wp\/v2\/media?parent=4079"}],"wp:term":[{"taxonomy":"product_brand","embeddable":true,"href":"https:\/\/universo.lauragutman.com.ar\/pt\/wp-json\/wp\/v2\/product_brand?post=4079"},{"taxonomy":"product_cat","embeddable":true,"href":"https:\/\/universo.lauragutman.com.ar\/pt\/wp-json\/wp\/v2\/product_cat?post=4079"},{"taxonomy":"product_tag","embeddable":true,"href":"https:\/\/universo.lauragutman.com.ar\/pt\/wp-json\/wp\/v2\/product_tag?post=4079"}],"curies":[{"name":"wp","href":"https:\/\/api.w.org\/{rel}","templated":true}]}}