{"id":7892,"date":"2025-02-13T12:07:06","date_gmt":"2025-02-13T15:07:06","guid":{"rendered":"https:\/\/universo.lauragutman.com.ar\/?post_type=product&#038;p=7892"},"modified":"2025-08-07T11:27:40","modified_gmt":"2025-08-07T14:27:40","slug":"mi-hijo-no-quiere-ir-a-la-escuela","status":"publish","type":"product","link":"https:\/\/universo.lauragutman.com.ar\/pt\/produto\/mi-hijo-no-quiere-ir-a-la-escuela\/","title":{"rendered":"Meu filho n\u00e3o quer ir para a escola"},"content":{"rendered":"<p>Master Class con Laura Gutman.<\/p>\n<p>El concepto de escuela desde la \u00e9poca industrial en Europa. La represi\u00f3n como valor indispensable. Qu\u00e9 aprenden los ni\u00f1os hoy. Abriremos el foco revisando cada momento hist\u00f3rico, para poder imaginar una escuela amable y creativa.<\/p>","protected":false},"excerpt":{"rendered":"<p>Master Class con Laura Gutman. El concepto de escuela desde la \u00e9poca industrial en Europa. La represi\u00f3n como valor indispensable. Qu\u00e9 aprenden los ni\u00f1os hoy. Abriremos el foco revisando cada momento hist\u00f3rico, para poder imaginar una escuela amable y creativa.<\/p>","protected":false},"featured_media":4148,"template":"","meta":{"_acf_changed":false},"product_brand":[],"product_cat":[29],"product_tag":[],"class_list":{"0":"post-7892","1":"product","2":"type-product","3":"status-publish","4":"has-post-thumbnail","6":"product_cat-master-class","8":"first","9":"instock","10":"sale","11":"virtual","12":"sold-individually","13":"purchasable","14":"product-type-simple"},"acf":[],"_links":{"self":[{"href":"https:\/\/universo.lauragutman.com.ar\/pt\/wp-json\/wp\/v2\/product\/7892","targetHints":{"allow":["GET"]}}],"collection":[{"href":"https:\/\/universo.lauragutman.com.ar\/pt\/wp-json\/wp\/v2\/product"}],"about":[{"href":"https:\/\/universo.lauragutman.com.ar\/pt\/wp-json\/wp\/v2\/types\/product"}],"wp:featuredmedia":[{"embeddable":true,"href":"https:\/\/universo.lauragutman.com.ar\/pt\/wp-json\/wp\/v2\/media\/4148"}],"wp:attachment":[{"href":"https:\/\/universo.lauragutman.com.ar\/pt\/wp-json\/wp\/v2\/media?parent=7892"}],"wp:term":[{"taxonomy":"product_brand","embeddable":true,"href":"https:\/\/universo.lauragutman.com.ar\/pt\/wp-json\/wp\/v2\/product_brand?post=7892"},{"taxonomy":"product_cat","embeddable":true,"href":"https:\/\/universo.lauragutman.com.ar\/pt\/wp-json\/wp\/v2\/product_cat?post=7892"},{"taxonomy":"product_tag","embeddable":true,"href":"https:\/\/universo.lauragutman.com.ar\/pt\/wp-json\/wp\/v2\/product_tag?post=7892"}],"curies":[{"name":"wp","href":"https:\/\/api.w.org\/{rel}","templated":true}]}}