{"id":8387,"date":"2025-03-20T15:39:40","date_gmt":"2025-03-20T18:39:40","guid":{"rendered":"https:\/\/universo.lauragutman.com.ar\/producto\/intensivos-en-vivo-con-laura-gutman\/"},"modified":"2025-09-08T10:37:21","modified_gmt":"2025-09-08T13:37:21","slug":"intensivos-con-laura-gutman","status":"publish","type":"product","link":"https:\/\/universo.lauragutman.com.ar\/pt\/produto\/intensivos-con-laura-gutman\/","title":{"rendered":"Intensivos con Laura Gutman"},"content":{"rendered":"<p>T\u00fa sabes que Laura Gutman incorpora permanentemente conceptos nuevos y m\u00faltiples recursos para abordar las BHs. Te invitamos a que seas parte y est\u00e9s actualizado, para profundizar en el camino que ya iniciaste.<\/p>\n<p>&nbsp;<\/p>\n<h3><span style=\"color: #993366;\">A quem est\u00e1 dirigido esse curso?<\/span><\/h3>\n<p>Abierto a todas las personas que han hecho alg\u00fan tramo por la formaci\u00f3n de Laura Gutman, egresados o que est\u00e1n actualmente cursando el entrenamiento en BH.<\/p>\n<p>&nbsp;<\/p>\n<h3><span style=\"color: #993366;\">\u00bfQu\u00e9 pasa si no puedo participar en VIVO?<\/span><\/h3>\n<p>Tendr\u00e1s acceso a las clases que quedar\u00e1n grabadas en la plataforma durante un a\u00f1o. Incluso si has participado en VIVO; podr\u00e1s volver a verlas ya que Laura Gutman incluir\u00e1 muchos conceptos te\u00f3ricos y sobre todo una estructura s\u00f3lida y una gu\u00eda para la organizaci\u00f3n de las BHs.<\/p>\n<p>&nbsp;<\/p>\n<h3><span style=\"color: #993366;\">Qual \u00e9 o prop\u00f3sito desse curso?<\/span><\/h3>\n<p>Organizar nuestro pensamiento\u00a0con una mirada ampliada, por fuera de los discursos enga\u00f1ados y por fuera de nuestro sistema de valores, es muy complejo. Necesitamos un entrenamiento permanente. Por eso, el objetivo de este <strong>intensivo<\/strong> es ayudar a quienes acompa\u00f1an o los gustar\u00eda acompa\u00f1ar en el futuro a otros individuos en el arte de la biograf\u00eda humana, a investigar, ordenar, discernir, descartar, encontrar el hilo y establecer la l\u00f3gica de cada BH, con empat\u00eda, inteligencia y sensatez.<\/p>\n<p>&nbsp;<\/p>\n<h3><span style=\"color: #993366;\">Tem mais d\u00favidas?<\/span><\/h3>\n<p>Por favor contactanos por mail\u00a0<a href=\"mailto:consultas@lauragutman.com.ar\"><span>consultas@lauragutman.com.ar<\/span><\/a>\u00a0o WhatsApp\u00a0<a href=\"https:\/\/wa.me\/5491123812704\"><span>+5491123812704<\/span><\/a><\/p>\n<p>&nbsp;<\/p>","protected":false},"excerpt":{"rendered":"<p>T\u00fa sabes que Laura Gutman incorpora permanentemente conceptos nuevos y m\u00faltiples recursos para abordar las BHs. Te invitamos a que seas parte y est\u00e9s actualizado, para profundizar en el camino que ya iniciaste. &nbsp; \u00bfA qui\u00e9nes est\u00e1 dirigido? Abierto a todas las personas que han hecho alg\u00fan tramo por la formaci\u00f3n de Laura Gutman, egresados [&hellip;]<\/p>\n","protected":false},"featured_media":8528,"template":"","meta":{"_acf_changed":false},"product_brand":[],"product_cat":[27,22],"product_tag":[],"class_list":{"0":"post-8387","1":"product","2":"type-product","3":"status-publish","4":"has-post-thumbnail","6":"product_cat-home","7":"product_cat-universo","9":"first","10":"instock","11":"virtual","12":"sold-individually","13":"purchasable","14":"product-type-simple"},"acf":[],"_links":{"self":[{"href":"https:\/\/universo.lauragutman.com.ar\/pt\/wp-json\/wp\/v2\/product\/8387","targetHints":{"allow":["GET"]}}],"collection":[{"href":"https:\/\/universo.lauragutman.com.ar\/pt\/wp-json\/wp\/v2\/product"}],"about":[{"href":"https:\/\/universo.lauragutman.com.ar\/pt\/wp-json\/wp\/v2\/types\/product"}],"wp:featuredmedia":[{"embeddable":true,"href":"https:\/\/universo.lauragutman.com.ar\/pt\/wp-json\/wp\/v2\/media\/8528"}],"wp:attachment":[{"href":"https:\/\/universo.lauragutman.com.ar\/pt\/wp-json\/wp\/v2\/media?parent=8387"}],"wp:term":[{"taxonomy":"product_brand","embeddable":true,"href":"https:\/\/universo.lauragutman.com.ar\/pt\/wp-json\/wp\/v2\/product_brand?post=8387"},{"taxonomy":"product_cat","embeddable":true,"href":"https:\/\/universo.lauragutman.com.ar\/pt\/wp-json\/wp\/v2\/product_cat?post=8387"},{"taxonomy":"product_tag","embeddable":true,"href":"https:\/\/universo.lauragutman.com.ar\/pt\/wp-json\/wp\/v2\/product_tag?post=8387"}],"curies":[{"name":"wp","href":"https:\/\/api.w.org\/{rel}","templated":true}]}}