{"id":8986,"date":"2025-05-26T11:34:18","date_gmt":"2025-05-26T14:34:18","guid":{"rendered":"https:\/\/universo.lauragutman.com.ar\/?post_type=product&#038;p=8986"},"modified":"2026-04-08T10:49:09","modified_gmt":"2026-04-08T13:49:09","slug":"el-caos","status":"publish","type":"product","link":"https:\/\/universo.lauragutman.com.ar\/pt\/produto\/el-caos\/","title":{"rendered":"El caos"},"content":{"rendered":"<p>T\u00fa sabes que Laura Gutman incorpora permanentemente conceptos nuevos y m\u00faltiples recursos para abordar las BHs. Te invitamos a que seas parte y est\u00e9s actualizado, para profundizar en el camino que ya iniciaste.<\/p>\n<p>&nbsp;<\/p>\n<h2><span style=\"color: #993366;\">TEMA: \u00abEl Caos\u00bb<\/span><\/h2>\n<p>&nbsp;<\/p>\n<h3><span style=\"color: #993366;\">A quem est\u00e1 dirigido esse curso?<\/span><\/h3>\n<p>Abierto a todas las personas que han hecho alg\u00fan tramo por la formaci\u00f3n de Laura Gutman, egresados o que est\u00e1n actualmente cursando el entrenamiento en BH.<\/p>\n<p>&nbsp;<\/p>\n<h3><span style=\"color: #993366;\">\u00bfCu\u00e1les son las fechas?<\/span><\/h3>\n<p>S\u00e1bado 13 de Septiembre (2 clases) y Domingo 14 de septiembre (2 clases)<\/p>\n<p><strong>\u00a0<\/strong><\/p>\n<h3><span style=\"color: #993366;\">\u00bfCu\u00e1les son los horarios?<\/span><\/h3>\n<p><span style=\"font-weight: 400;\" class=\"gt3_font-weight\">de 7hs a 8.30hs y de 10hs a 11.30hs (CDMX)<\/span><\/p>\n<p><span style=\"font-weight: 400;\" class=\"gt3_font-weight\">de 10hs a 11.30hs y de 13hs a 14.30hs (Argentina y Brasil)<\/span><\/p>\n<p><span style=\"font-weight: 400;\" class=\"gt3_font-weight\">de 15hs a 16.30hs y de 18hs a 19.30hs (Europa)<\/span><\/p>\n<p>&nbsp;<\/p>\n<h3><span style=\"color: #993366;\">\u00bfQu\u00e9 pasa si no puedo participar en VIVO?<\/span><\/h3>\n<p>Tendr\u00e1s acceso a las clases que quedar\u00e1n grabadas en la plataforma durante un a\u00f1o. Incluso si has participado en VIVO; podr\u00e1s volver a verlas ya que Laura Gutman incluir\u00e1 muchos conceptos te\u00f3ricos y sobre todo una estructura s\u00f3lida y una gu\u00eda para la organizaci\u00f3n de las BHs.<\/p>\n<p>&nbsp;<\/p>\n<h3><span style=\"color: #993366;\">Qual \u00e9 o prop\u00f3sito desse curso?<\/span><\/h3>\n<p>Organizar nuestro pensamiento\u00a0con una mirada ampliada, por fuera de los discursos enga\u00f1ados y por fuera de nuestro sistema de valores, es muy complejo. Necesitamos un entrenamiento permanente. Por eso, el objetivo de este <strong>intensivo<\/strong> es ayudar a quienes acompa\u00f1an o los gustar\u00eda acompa\u00f1ar en el futuro a otros individuos en el arte de la biograf\u00eda humana, a investigar, ordenar, discernir, descartar, encontrar el hilo y establecer la l\u00f3gica de cada BH, con empat\u00eda, inteligencia y sensatez.<\/p>\n<p>&nbsp;<\/p>\n<h3><span style=\"color: #993366;\">Tem mais d\u00favidas?<\/span><\/h3>\n<p>Por favor contactanos por mail <a href=\"mailto:escuela@lauragutman.com.ar\"><span>escuela@lauragutman.com.ar<\/span><\/a>\u00a0o WhatsApp\u00a0<a href=\"https:\/\/wa.me\/5491159584348\"><span>+54 9 11 5958-4348<\/span><\/a><\/p>\n<p>&nbsp;<\/p>\n<h3><span style=\"color: #993366;\">Programa del intensivo &#8211; <\/span><span style=\"color: #993366;\">El caos<\/span><\/h3>\n<p>&nbsp;<\/p>\n<h4><strong>CLASE 1.<\/strong><\/h4>\n<p>Concepto de Caos. El origen. Caos transgeneracional. La crueldad materna. Escenarios infernales. El discurso materno de una madre caotizada. La falta de referencias organizadas para el ni\u00f1o. \u00bfEs posible encontrar refugio? Opciones. Qu\u00e9 pasa si no hay refugio<\/p>\n<h4><strong>CLASE 2.<\/strong><\/h4>\n<p>El inicio del acompa\u00f1amiento de una BH, cuando detectamos posible caos. Indicios que nos gu\u00edan hacia un escenario de caos materno. El discurso desorganizado de nuestro consultante. Por qu\u00e9 es importante NO ESCUCHAR apenas detectamos incoherencias. La dificultad para establecer alguna l\u00f3gica en el caos. La funci\u00f3n de las met\u00e1foras y la lectura -a veces- literal del consultante.<\/p>\n<h4><strong>CLASE 3.<\/strong><\/h4>\n<p>Momento important\u00edsimo: es imprescindible generar una hip\u00f3tesis\u00a0respecto a\u00a0los mecanismos de supervivencia, SIN PREGUNTAR y SIN ESCUCHAR. La pregunta del mill\u00f3n: \u00bfhay personaje?. \u00bfEs importante la cronolog\u00eda en los casos de caos? \u00bfCu\u00e1l es la base para nuestra investigaci\u00f3n? La importancia de nuestra imaginaci\u00f3n l\u00f3gica, para explicar la realidad objetiva. La falta de referencias confiables en el individuo. Cuando hay ni\u00f1os, c\u00f3mo pueden convertirse en la referencia m\u00e1s confiable.<\/p>\n<h4><strong>CLASE 4.<\/strong><\/h4>\n<p>La importancia de las explicaciones sencillas y sensatas, para que funcionen como una referencia segura para el consultante. \u00bfCu\u00e1l es el prop\u00f3sito esperable en las Bhs de caos?. La realidad objetiva y las vivencias del entorno, como recursos para el behacheador. Sostenernos en una mirada desde el cielo, siendo compasivos con el sufrimiento infantil y apelando a la inteligencia emocional del individuo, aunque su refugio habitual sea el enredo.<\/p>","protected":false},"excerpt":{"rendered":"<p>T\u00fa sabes que Laura Gutman incorpora permanentemente conceptos nuevos y m\u00faltiples recursos para abordar las BHs. Te invitamos a que seas parte y est\u00e9s actualizado, para profundizar en el camino que ya iniciaste. &nbsp; TEMA: \u00abEl Caos\u00bb &nbsp; \u00bfA qui\u00e9nes est\u00e1 dirigido? Abierto a todas las personas que han hecho alg\u00fan tramo por la formaci\u00f3n [&hellip;]<\/p>\n","protected":false},"featured_media":8528,"template":"","meta":{"_acf_changed":false},"product_brand":[],"product_cat":[30],"product_tag":[],"class_list":{"0":"post-8986","1":"product","2":"type-product","3":"status-publish","4":"has-post-thumbnail","6":"product_cat-intensivos","8":"first","9":"instock","10":"virtual","11":"sold-individually","12":"purchasable","13":"product-type-simple"},"acf":[],"_links":{"self":[{"href":"https:\/\/universo.lauragutman.com.ar\/pt\/wp-json\/wp\/v2\/product\/8986","targetHints":{"allow":["GET"]}}],"collection":[{"href":"https:\/\/universo.lauragutman.com.ar\/pt\/wp-json\/wp\/v2\/product"}],"about":[{"href":"https:\/\/universo.lauragutman.com.ar\/pt\/wp-json\/wp\/v2\/types\/product"}],"wp:featuredmedia":[{"embeddable":true,"href":"https:\/\/universo.lauragutman.com.ar\/pt\/wp-json\/wp\/v2\/media\/8528"}],"wp:attachment":[{"href":"https:\/\/universo.lauragutman.com.ar\/pt\/wp-json\/wp\/v2\/media?parent=8986"}],"wp:term":[{"taxonomy":"product_brand","embeddable":true,"href":"https:\/\/universo.lauragutman.com.ar\/pt\/wp-json\/wp\/v2\/product_brand?post=8986"},{"taxonomy":"product_cat","embeddable":true,"href":"https:\/\/universo.lauragutman.com.ar\/pt\/wp-json\/wp\/v2\/product_cat?post=8986"},{"taxonomy":"product_tag","embeddable":true,"href":"https:\/\/universo.lauragutman.com.ar\/pt\/wp-json\/wp\/v2\/product_tag?post=8986"}],"curies":[{"name":"wp","href":"https:\/\/api.w.org\/{rel}","templated":true}]}}