{"id":9015,"date":"2025-05-27T13:54:08","date_gmt":"2025-05-27T16:54:08","guid":{"rendered":"https:\/\/universo.lauragutman.com.ar\/?post_type=product&#038;p=9015"},"modified":"2026-04-08T10:51:25","modified_gmt":"2026-04-08T13:51:25","slug":"escenarios-personajes-y-metaforas-en-la-bh","status":"publish","type":"product","link":"https:\/\/universo.lauragutman.com.ar\/pt\/produto\/escenarios-personajes-y-metaforas-en-la-bh\/","title":{"rendered":"Escenarios, personajes y met\u00e1foras en la BH"},"content":{"rendered":"<h2><span style=\"color: #993366;\">Escenarios, personajes y met\u00e1foras en la BH<\/span><\/h2>\n<p>&nbsp;<\/p>\n<h3><span style=\"color: #993366;\">A quem est\u00e1 dirigido esse curso?<\/span><\/h3>\n<p>Abierto a todas las personas que han hecho alg\u00fan tramo por la formaci\u00f3n de Laura Gutman, egresados o que est\u00e1n actualmente cursando el entrenamiento en BH.<\/p>\n<p>&nbsp;<\/p>\n<h3><span style=\"color: #993366;\">\u00bfQu\u00e9 voy a obtener?<\/span><\/h3>\n<p>Tendr\u00e1s acceso a las clases que quedar\u00e1n grabadas en la plataforma durante un a\u00f1o. Incluso si has participado en VIVO; podr\u00e1s volver a verlas ya que Laura Gutman incluir\u00e1 muchos conceptos te\u00f3ricos y sobre todo una estructura s\u00f3lida y una gu\u00eda para la organizaci\u00f3n de las BHs.<\/p>\n<p>&nbsp;<\/p>\n<h3><span style=\"color: #993366;\">Qual \u00e9 o prop\u00f3sito desse curso?<\/span><\/h3>\n<p>Organizar nuestro pensamiento\u00a0con una mirada ampliada, por fuera de los discursos enga\u00f1ados y por fuera de nuestro sistema de valores, es muy complejo. Necesitamos un entrenamiento permanente. Por eso, el objetivo de este <strong>intensivo<\/strong> es ayudar a quienes acompa\u00f1an o los gustar\u00eda acompa\u00f1ar en el futuro a otros individuos en el arte de la biograf\u00eda humana, a investigar, ordenar, discernir, descartar, encontrar el hilo y establecer la l\u00f3gica de cada BH, con empat\u00eda, inteligencia y sensatez.<\/p>\n<p>&nbsp;<\/p>\n<h3><span style=\"color: #993366;\">Tem mais d\u00favidas?<\/span><\/h3>\n<p>Por favor contactanos por mail <a href=\"mailto:escuela@lauragutman.com.ar\"><span>escuela@lauragutman.com.ar<\/span><\/a>\u00a0o WhatsApp\u00a0<a href=\"https:\/\/wa.me\/5491159584348\"><span>+54 9 11 5958-4348<\/span><\/a><\/p>\n<p>&nbsp;<\/p>\n<p>&nbsp;<\/p>\n<h3><span style=\"color: #993366;\">Programa del intensivo &#8211; <\/span><span style=\"color: #993366;\">Escenarios, personajes y met\u00e1foras en la BH &#8211;<\/span><\/h3>\n<p>&nbsp;<\/p>\n<h4><strong>CLASE 1.\u00a0<\/strong><\/h4>\n<p>C\u00f3mo iniciamos la b\u00fasqueda del escenario. Por qu\u00e9 es importante NO ESCUCHAR. Como armamos el puzzle real del <strong>escenario de infancia<\/strong>, bas\u00e1ndonos en la l\u00f3gica. Qu\u00e9 pasa si el individuo insiste en contar detalles. \u00bfEs necesario explicar de qu\u00e9 se trata la BH? C\u00f3mo establecemos acuerdos sostenibles con el consultante. C\u00f3mo imaginamos las met\u00e1foras. En qu\u00e9 momento compartimos las im\u00e1genes.<\/p>\n<h4><strong>CLASE 2.<\/strong><\/h4>\n<p>Momento important\u00edsimo: es imprescindible generar una <strong>hip\u00f3tesis<\/strong> de <strong>personaje<\/strong> SIN PREGUNTAR y SIN ESCUCHAR. Qu\u00e9 pasa si nos equivocamos. Qu\u00e9 pasa si estamos seguros de nuestra hip\u00f3tesis, pero el consultante no est\u00e1 de acuerdo. C\u00f3mo usar las escenas confirmadas que constituyen la base de nuestra l\u00f3gica. C\u00f3mo mostramos lo obvio hasta que sea evidente para quien consulta.<\/p>\n<h4><strong>CLASE 3.<\/strong><\/h4>\n<p>Constituci\u00f3n del <strong>personaje<\/strong> y corroboraci\u00f3n a trav\u00e9s de las escenas reales en la cronolog\u00eda de la vida del individuo. C\u00f3mo nombrar todos los mecanismos de supervivencia, incluso si son m\u00faltiples o complejos. C\u00f3mo poner el foco en la vivencia del pr\u00f3jimo (hijos, parejas, amigos) colocando en el centro de la escena, esas voces.<\/p>\n<h4><strong>CLASE 4.<\/strong><\/h4>\n<p>Actualidad versus motivo de consulta original. Observaci\u00f3n global de la BH. C\u00f3mo establecer un prop\u00f3sito sensato y alcanzable para el individuo. Revisando los beneficios ocultos. Ganancia y p\u00e9rdida frente al cambio. C\u00f3mo compartir prop\u00f3sitos de vida altivos. El sentido profundo de la BH.<\/p>","protected":false},"excerpt":{"rendered":"<p>Escenarios, personajes y met\u00e1foras en la BH &nbsp; \u00bfA qui\u00e9nes est\u00e1 dirigido? Abierto a todas las personas que han hecho alg\u00fan tramo por la formaci\u00f3n de Laura Gutman, egresados o que est\u00e1n actualmente cursando el entrenamiento en BH. &nbsp; \u00bfQu\u00e9 voy a obtener? Tendr\u00e1s acceso a las clases que quedar\u00e1n grabadas en la plataforma durante [&hellip;]<\/p>\n","protected":false},"featured_media":9025,"template":"","meta":{"_acf_changed":false},"product_brand":[],"product_cat":[30],"product_tag":[],"class_list":{"0":"post-9015","1":"product","2":"type-product","3":"status-publish","4":"has-post-thumbnail","6":"product_cat-intensivos","8":"first","9":"instock","10":"virtual","11":"sold-individually","12":"purchasable","13":"product-type-simple"},"acf":[],"_links":{"self":[{"href":"https:\/\/universo.lauragutman.com.ar\/pt\/wp-json\/wp\/v2\/product\/9015","targetHints":{"allow":["GET"]}}],"collection":[{"href":"https:\/\/universo.lauragutman.com.ar\/pt\/wp-json\/wp\/v2\/product"}],"about":[{"href":"https:\/\/universo.lauragutman.com.ar\/pt\/wp-json\/wp\/v2\/types\/product"}],"wp:featuredmedia":[{"embeddable":true,"href":"https:\/\/universo.lauragutman.com.ar\/pt\/wp-json\/wp\/v2\/media\/9025"}],"wp:attachment":[{"href":"https:\/\/universo.lauragutman.com.ar\/pt\/wp-json\/wp\/v2\/media?parent=9015"}],"wp:term":[{"taxonomy":"product_brand","embeddable":true,"href":"https:\/\/universo.lauragutman.com.ar\/pt\/wp-json\/wp\/v2\/product_brand?post=9015"},{"taxonomy":"product_cat","embeddable":true,"href":"https:\/\/universo.lauragutman.com.ar\/pt\/wp-json\/wp\/v2\/product_cat?post=9015"},{"taxonomy":"product_tag","embeddable":true,"href":"https:\/\/universo.lauragutman.com.ar\/pt\/wp-json\/wp\/v2\/product_tag?post=9015"}],"curies":[{"name":"wp","href":"https:\/\/api.w.org\/{rel}","templated":true}]}}